{"id":1742,"date":"2022-05-02T17:03:28","date_gmt":"2022-05-02T20:03:28","guid":{"rendered":"http:\/\/c2360366.ferozo.com\/new\/?page_id=1742"},"modified":"2026-02-20T11:40:51","modified_gmt":"2026-02-20T14:40:51","slug":"beneficios-para-alumnos","status":"publish","type":"page","link":"https:\/\/www.institutosaber.edu.ar\/bachillerato\/beneficios-para-alumnos\/","title":{"rendered":"Beneficios para alumnos"},"content":{"rendered":"<div class=\"gb-container gb-container-b40b5542\" id=\"home\"><div class=\"gb-inside-container\">\n<div class=\"gb-grid-wrapper gb-grid-wrapper-59c898f6\">\n<div class=\"gb-grid-column gb-grid-column-1a040876\"><div class=\"gb-container gb-container-1a040876\"><div class=\"gb-inside-container\">\n\n<figure class=\"wp-block-image size-full\"><img decoding=\"async\" width=\"736\" height=\"697\" src=\"https:\/\/www.institutosaber.edu.ar\/bachillerato\/wp-content\/uploads\/2026\/02\/CLUB-SABER.webp\" alt=\"Club de Beneficios - Bachillerato SABER\" class=\"wp-image-4170\" srcset=\"https:\/\/www.institutosaber.edu.ar\/bachillerato\/wp-content\/uploads\/2026\/02\/CLUB-SABER.webp 736w, https:\/\/www.institutosaber.edu.ar\/bachillerato\/wp-content\/uploads\/2026\/02\/CLUB-SABER-300x284.webp 300w\" sizes=\"(max-width: 736px) 100vw, 736px\" \/><\/figure>\n\n<\/div><\/div><\/div>\n\n<div class=\"gb-grid-column gb-grid-column-8fe93fb3\"><div class=\"gb-container gb-container-8fe93fb3\"><div class=\"gb-inside-container\">\n\n<h1 class=\"wp-block-heading has-text-align-center\">Club de Beneficios para alumnos<\/h1>\n\n\n\n<p style=\"font-size:18px\">Si form\u00e1s parte de la <strong>Comunidad SABER<\/strong>, sos parte de nuestro Club de Beneficios.<\/p>\n\n\n\n<p style=\"font-size:18px\">Si sos <strong>estudiante, docente o colaborador<\/strong>, pod\u00e9s<strong> activar tu credencial digital<\/strong> en Informes y comenzar a disfrutar los beneficios que <strong>Club SABER<\/strong> tiene para vos.<\/p>\n\n\n\n<p>\u00a1Esto no es todo! Con <strong>Club SABER<\/strong>, \u00a1acced\u00e9s a un <strong>10% de descuento en la matr\u00edcula y todas tus cuotas mensuales<\/strong>!<\/p>\n\n\n<div class=\"gb-button-wrapper gb-button-wrapper-d6ac73bb download-cta-top\">\n\n<a class=\"gb-button gb-button-5f07eacc\" href=\"https:\/\/clubsaber.com.ar\/\" target=\"_blank\" rel=\"noopener noreferrer\"><span class=\"gb-icon\"><svg aria-hidden=\"true\" role=\"img\" height=\"1em\" width=\"1em\" viewBox=\"0 0 256 512\" xmlns=\"http:\/\/www.w3.org\/2000\/svg\"><path fill=\"currentColor\" d=\"M224.3 273l-136 136c-9.4 9.4-24.6 9.4-33.9 0l-22.6-22.6c-9.4-9.4-9.4-24.6 0-33.9l96.4-96.4-96.4-96.4c-9.4-9.4-9.4-24.6 0-33.9L54.3 103c9.4-9.4 24.6-9.4 33.9 0l136 136c9.5 9.4 9.5 24.6.1 34z\"><\/path><\/svg><\/span><span class=\"gb-button-text\">cONOC\u00c9 LOS DESCUENTOS Y BENEFICIOS <\/span><\/a>\n\n<\/div>\n<\/div><\/div><\/div>\n<\/div>\n<\/div><\/div>\n\n\n<p><\/p>\n\n\n<div class=\"gb-container gb-container-505cad48\"><div class=\"gb-inside-container\">\n<div class=\"lightweight-accordion has-text-color has-background\"><details><summary class=\"lightweight-accordion-title\" style=\"color:var(--contrast-2);background:var(--base);\"><span><strong>\u00bfPara qu\u00e9 puedo utilizar la credencial digital del Club de Beneficios SABER?<\/strong><\/span><\/summary><div class=\"lightweight-accordion-body\" style=\"border-color:var(--base);\">\n\n<p>La tarjeta te permite acceder a todos los beneficios que el Club tiene para vos, en <strong>categor\u00edas como educaci\u00f3n, mascotas, moda, fitness, compras, salud y bienestar, gastronom\u00eda, servicios entretenimiento y turismo<\/strong>.<\/p>\n\n\n\n<p>Tu credencial digital es personal e intransferible.<\/p>\n\n\n\n<p>Record\u00e1 presentarla antes de solicitar la factura con un documento que acredite tu identidad.<\/p>\n\n<\/div><\/details><\/div>\n\n<div class=\"lightweight-accordion has-text-color has-background\"><details><summary class=\"lightweight-accordion-title\" style=\"color:var(--contrast-2);background:var(--base);\"><span><strong>\u00bfC\u00f3mo puedo obtener la tarjeta del Club de Beneficios?<\/strong><\/span><\/summary><div class=\"lightweight-accordion-body\" style=\"border-color:var(--base);\">\n\n<p>Para poder activar tu tarjeta y suscribirte a Club de Beneficios de SABER, ten\u00e9s que ser alumno\/a, egresado\/a, profesor\/a, o parte de la Comunidad SABER.<\/p>\n\n\n\n<p>Comunicate con el \u00c1rea de Informes al n\u00famero (351) 511-3565, o ingres\u00e1 a <a href=\"https:\/\/clubsaber.com.ar\/\" target=\"_blank\" rel=\"noreferrer noopener\"><strong>Club Saber<\/strong><\/a> donde tendr\u00e1s m\u00e1s informaci\u00f3n y un formulario de contacto.<\/p>\n\n<\/div><\/details><\/div>\n\n<div class=\"lightweight-accordion has-text-color has-background\"><details><summary class=\"lightweight-accordion-title\" style=\"color:var(--contrast-2);background:var(--base);\"><span><strong>\u00bfC\u00f3mo accedo a los beneficios del Club?<\/strong><\/span><\/summary><div class=\"lightweight-accordion-body\" style=\"border-color:var(--base);\">\n\n<p>Para que puedas disfrutar tu beneficio, deber\u00e1s ingresar a <a href=\"https:\/\/clubsaber.com.ar\/\" target=\"_blank\" rel=\"noreferrer noopener\"><strong>Club Saber<\/strong><\/a> o en las <a href=\"https:\/\/www.instagram.com\/clubsaberok\/\" target=\"_blank\" rel=\"noreferrer noopener\"><strong>redes sociales<\/strong><\/a> y generar credencial virtual para ser presentada en el establecimiento adherido.<\/p>\n\n\n\n<p>Para generarla, ingres\u00e1 a <strong><a href=\"https:\/\/clubsaber.com.ar\/credencial\/\" type=\"link\" id=\"https:\/\/clubsaber.com.ar\/credencial\/\">clubsaber.com.ar\/credencial<\/a><\/strong>, ingres\u00e1 tu DNI y descargala. Presentala en el comercio adherido donde vas a disfrutar el beneficio. Los beneficios son aplicados por el establecimiento sobre el precio total de la factura en el momento de pagar, a menos que las bases y condiciones indiquen lo contrario. Los beneficios no se acumulan con otros beneficios del Club SABER ni con otros beneficios que tenga el establecimiento, a menos que se indique lo contrario. Consulta siempre las condiciones publicadas en cada comercio en el <a href=\"https:\/\/clubsaber.com.ar\/\" target=\"_blank\" rel=\"noreferrer noopener\">sitio web<\/a>.<\/p>\n\n<\/div><\/details><\/div>\n\n<div class=\"lightweight-accordion has-text-color has-background\"><details><summary class=\"lightweight-accordion-title\" style=\"color:var(--contrast-2);background:var(--base);\"><span><strong>\u00bfQu\u00e9 datos\u00a0son compartidos con los establecimientos adheridos?<\/strong><\/span><\/summary><div class=\"lightweight-accordion-body\" style=\"border-color:var(--base);\">\n\n<p>Tu informaci\u00f3n es absolutamente confidencial. Solo compartimos tu nombre, apellido y DNI, para que el establecimiento adherido pueda validar la informaci\u00f3n de tu tarjeta digital en sus sistemas inform\u00e1ticos o CRM y as\u00ed aplicar los descuentos y beneficios correspondientes.  <\/p>\n\n<\/div><\/details><\/div>\n<\/div><\/div>\n\n\n<p><\/p>\n\n\n\n<hr class=\"wp-block-separator has-text-color has-base-color has-css-opacity has-base-background-color has-background\"\/>\n\n\n<div class=\"gb-container gb-container-27c5773e\"><div class=\"gb-inside-container\">\n\n<h2 class=\"wp-block-heading has-text-align-center has-contrast-2-color has-text-color has-large-font-size\" id=\"h-beneficios-para-vos-y-tu-familia\" style=\"font-style:normal;font-weight:700;text-transform:capitalize\">M\u00c1S BENEFICIOS PARA VOS Y TU FAMILIA<\/h2>\n\n\n<div class=\"gb-grid-wrapper gb-grid-wrapper-4ae370ad\">\n<div class=\"gb-grid-column gb-grid-column-c647b9b0\"><div class=\"gb-container gb-container-c647b9b0\"><div class=\"gb-inside-container\">\n\n<h3 class=\"gb-headline gb-headline-c0d53509 gb-headline-text\"><a href=\"https:\/\/www.institutosaber.edu.ar\/bachillerato\/beneficios-para-alumnos\/\">CLUB DE<br>BENEFICIOS<\/a><\/h3>\n\n\n\n<p class=\"has-text-align-center has-white-color has-text-color\">Si sos parte de nuestra comunidad tendr\u00e1s tu tarjeta DIGITAL para disfrutar de  muchos beneficios.<\/p>\n\n<\/div><\/div><\/div>\n\n<div class=\"gb-grid-column gb-grid-column-bac878aa\"><div class=\"gb-container gb-container-bac878aa\"><div class=\"gb-inside-container\">\n\n<h3 class=\"gb-headline gb-headline-21597f7c gb-headline-text\"><a href=\"https:\/\/www.institutosaber.edu.ar\/bachillerato\/plan-somos-familia\/\">PLAN<br>FAMILAR<\/a><\/h3>\n\n\n\n<p class=\"has-text-align-center has-white-color has-text-color\">Somos comunidad SABER y tenemos beneficios especiales para vos y tus familiares en cuotas y m\u00e1s. <br><\/p>\n\n<\/div><\/div><\/div>\n\n<div class=\"gb-grid-column gb-grid-column-df68d9ab\"><div class=\"gb-container gb-container-df68d9ab\"><div class=\"gb-inside-container\">\n\n<h3 class=\"gb-headline gb-headline-ef18fdf9 gb-headline-text\"><a href=\"https:\/\/www.institutosaber.edu.ar\/bachillerato\/beneficios-para-empresas-amigas\/\">ORGANIZACIONES<br>AMIGAS<\/a><\/h3>\n\n\n\n<p class=\"has-text-align-center has-white-color has-text-color\">Realizamos convenios con empresas para que puedas completar tu carrera a un precio diferenciado.<\/p>\n\n<\/div><\/div><\/div>\n\n<div class=\"gb-grid-column gb-grid-column-1e97d45f\"><div class=\"gb-container gb-container-1e97d45f\"><div class=\"gb-inside-container\">\n\n<h3 class=\"gb-headline gb-headline-ba147eeb gb-headline-text\"><a href=\"https:\/\/www.institutosaber.edu.ar\/bachillerato\/plan-amigos-referidos\/\">PLAN DE<br>REFERIDOS<\/a><\/h3>\n\n\n\n<p class=\"has-text-align-center has-white-color has-text-color\">Si refer\u00eds a una persona te trasladamos el monto de inscripci\u00f3n que abone tu referido. Sin tope!<\/p>\n\n<\/div><\/div><\/div>\n<\/div>\n<\/div><\/div>\n\n<div class=\"gb-container gb-container-8bd3d212\">\n\n<div class=\"wp-block-group alignfull has-base-2-background-color has-text-color has-background\" style=\"color:#000000\"><div class=\"wp-block-group__inner-container is-layout-flow wp-block-group-is-layout-flow\">\n<p class=\"has-text-align-center has-small-font-size\" style=\"line-height:.9\"><strong>Es momento de poner tu futuro en marcha<\/strong><\/p>\n\n\n\n<h2 class=\"wp-block-heading has-text-align-center\" id=\"schedule-a-visit\" style=\"font-size:59px;line-height:1.15\"><strong>Termin\u00e1 tu secundario en SABER.<\/strong><\/h2>\n\n\n<div class=\"gb-container gb-container-9c5bad3f\">\n<div class=\"gb-container gb-container-090ff713\">\n<div class=\"gb-grid-wrapper gb-grid-wrapper-6465241b\">\n<div class=\"gb-grid-column gb-grid-column-9c81df1e\"><div class=\"gb-container gb-container-9c81df1e\">\n\n<a class=\"gb-button gb-button-39e42af8\" href=\"https:\/\/www.institutosaber.edu.ar\/bachillerato\/contacto-bachiller-online\/\"><span class=\"gb-icon\"><svg xmlns=\"http:\/\/www.w3.org\/2000\/svg\" viewBox=\"0 0 512 512\" width=\"1em\" height=\"1em\" aria-hidden=\"true\"><path d=\"M464 64H48C21.49 64 0 85.49 0 112v288c0 26.51 21.49 48 48 48h416c26.51 0 48-21.49 48-48V112c0-26.51-21.49-48-48-48zm0 48v40.805c-22.422 18.259-58.168 46.651-134.587 106.49-16.841 13.247-50.201 45.072-73.413 44.701-23.208.375-56.579-31.459-73.413-44.701C106.18 199.465 70.425 171.067 48 152.805V112h416zM48 400V214.398c22.914 18.251 55.409 43.862 104.938 82.646 21.857 17.205 60.134 55.186 103.062 54.955 42.717.231 80.509-37.199 103.053-54.947 49.528-38.783 82.032-64.401 104.947-82.653V400H48z\" fill=\"currentColor\"><\/path><\/svg><\/span><span class=\"gb-button-text\"> contacto<\/span><\/a>\n\n<\/div><\/div>\n\n<div class=\"gb-grid-column gb-grid-column-3cfcb9cf\"><div class=\"gb-container gb-container-3cfcb9cf\">\n\n<a class=\"gb-button gb-button-67882daa\" href=\"https:\/\/wa.link\/86wtwp\" target=\"_blank\" rel=\"noopener noreferrer\"><span class=\"gb-icon\"><svg aria-hidden=\"true\" role=\"img\" height=\"1em\" width=\"1em\" viewBox=\"0 0 448 512\" xmlns=\"http:\/\/www.w3.org\/2000\/svg\"><path fill=\"currentColor\" d=\"M380.9 97.1C339 55.1 283.2 32 223.9 32c-122.4 0-222 99.6-222 222 0 39.1 10.2 77.3 29.6 111L0 480l117.7-30.9c32.4 17.7 68.9 27 106.1 27h.1c122.3 0 224.1-99.6 224.1-222 0-59.3-25.2-115-67.1-157zm-157 341.6c-33.2 0-65.7-8.9-94-25.7l-6.7-4-69.8 18.3L72 359.2l-4.4-7c-18.5-29.4-28.2-63.3-28.2-98.2 0-101.7 82.8-184.5 184.6-184.5 49.3 0 95.6 19.2 130.4 54.1 34.8 34.9 56.2 81.2 56.1 130.5 0 101.8-84.9 184.6-186.6 184.6zm101.2-138.2c-5.5-2.8-32.8-16.2-37.9-18-5.1-1.9-8.8-2.8-12.5 2.8-3.7 5.6-14.3 18-17.6 21.8-3.2 3.7-6.5 4.2-12 1.4-32.6-16.3-54-29.1-75.5-66-5.7-9.8 5.7-9.1 16.3-30.3 1.8-3.7.9-6.9-.5-9.7-1.4-2.8-12.5-30.1-17.1-41.2-4.5-10.8-9.1-9.3-12.5-9.5-3.2-.2-6.9-.2-10.6-.2-3.7 0-9.7 1.4-14.8 6.9-5.1 5.6-19.4 19-19.4 46.3 0 27.3 19.9 53.7 22.6 57.4 2.8 3.7 39.1 59.7 94.8 83.8 35.2 15.2 49 16.5 66.6 13.9 10.7-1.6 32.8-13.4 37.4-26.4 4.6-13 4.6-24.1 3.2-26.4-1.3-2.5-5-3.9-10.5-6.6z\"><\/path><\/svg><\/span><span class=\"gb-button-text\">Whatsapp<\/span><\/a>\n\n<\/div><\/div>\n<\/div>\n<\/div>\n<\/div><\/div><\/div>\n\n<\/div>","protected":false},"excerpt":{"rendered":"<p>M\u00c1S BENEFICIOS PARA VOS Y TU FAMILIA<\/p>\n","protected":false},"author":2,"featured_media":0,"parent":0,"menu_order":0,"comment_status":"closed","ping_status":"closed","template":"","meta":{"inline_featured_image":false,"footnotes":""},"class_list":["post-1742","page","type-page","status-publish"],"yoast_head":"<!-- This site is optimized with the Yoast SEO plugin v27.4 - https:\/\/yoast.com\/product\/yoast-seo-wordpress\/ -->\n<title>Beneficios para alumnos del Bachillerato de Instituto SABER<\/title>\n<meta name=\"description\" content=\"DISFRUT\u00c1 de importantes Beneficios para alumnos de SABER, con descuentos en matr\u00edculas, cuotas y muchos comercios adheridos para descubrir!\" \/>\n<meta name=\"robots\" content=\"index, follow, max-snippet:-1, max-image-preview:large, max-video-preview:-1\" \/>\n<link rel=\"canonical\" href=\"https:\/\/www.institutosaber.edu.ar\/bachillerato\/beneficios-para-alumnos\/\" \/>\n<meta property=\"og:locale\" content=\"es_ES\" \/>\n<meta property=\"og:type\" content=\"article\" \/>\n<meta property=\"og:title\" content=\"Beneficios para alumnos del Bachillerato de Instituto SABER\" \/>\n<meta property=\"og:description\" content=\"DISFRUT\u00c1 de importantes Beneficios para alumnos de SABER, con descuentos en matr\u00edculas, cuotas y muchos comercios adheridos para descubrir!\" \/>\n<meta property=\"og:url\" content=\"https:\/\/www.institutosaber.edu.ar\/bachillerato\/beneficios-para-alumnos\/\" \/>\n<meta property=\"og:site_name\" content=\"Bachiller Instituto SABER\" \/>\n<meta property=\"article:publisher\" content=\"https:\/\/www.facebook.com\/institutosaber.ar\" \/>\n<meta property=\"article:modified_time\" content=\"2026-02-20T14:40:51+00:00\" \/>\n<meta property=\"og:image\" content=\"https:\/\/www.institutosaber.edu.ar\/bachillerato\/wp-content\/uploads\/2026\/02\/CLUB-SABER.webp\" \/>\n\t<meta property=\"og:image:width\" content=\"736\" \/>\n\t<meta property=\"og:image:height\" content=\"697\" \/>\n\t<meta property=\"og:image:type\" content=\"image\/webp\" \/>\n<meta name=\"twitter:card\" content=\"summary_large_image\" \/>\n<meta name=\"twitter:site\" content=\"@Comunidadsaber\" \/>\n<meta name=\"twitter:label1\" content=\"Tiempo de lectura\" \/>\n\t<meta name=\"twitter:data1\" content=\"5 minutos\" \/>\n<script type=\"application\/ld+json\" class=\"yoast-schema-graph\">{\"@context\":\"https:\\\/\\\/schema.org\",\"@graph\":[{\"@type\":\"WebPage\",\"@id\":\"https:\\\/\\\/www.institutosaber.edu.ar\\\/bachillerato\\\/beneficios-para-alumnos\\\/\",\"url\":\"https:\\\/\\\/www.institutosaber.edu.ar\\\/bachillerato\\\/beneficios-para-alumnos\\\/\",\"name\":\"Beneficios para alumnos del Bachillerato de Instituto SABER\",\"isPartOf\":{\"@id\":\"https:\\\/\\\/www.institutosaber.edu.ar\\\/bachillerato\\\/#website\"},\"primaryImageOfPage\":{\"@id\":\"https:\\\/\\\/www.institutosaber.edu.ar\\\/bachillerato\\\/beneficios-para-alumnos\\\/#primaryimage\"},\"image\":{\"@id\":\"https:\\\/\\\/www.institutosaber.edu.ar\\\/bachillerato\\\/beneficios-para-alumnos\\\/#primaryimage\"},\"thumbnailUrl\":\"https:\\\/\\\/www.institutosaber.edu.ar\\\/bachillerato\\\/wp-content\\\/uploads\\\/2026\\\/02\\\/CLUB-SABER.webp\",\"datePublished\":\"2022-05-02T20:03:28+00:00\",\"dateModified\":\"2026-02-20T14:40:51+00:00\",\"description\":\"DISFRUT\u00c1 de importantes Beneficios para alumnos de SABER, con descuentos en matr\u00edculas, cuotas y muchos comercios adheridos para descubrir!\",\"breadcrumb\":{\"@id\":\"https:\\\/\\\/www.institutosaber.edu.ar\\\/bachillerato\\\/beneficios-para-alumnos\\\/#breadcrumb\"},\"inLanguage\":\"es\",\"potentialAction\":[{\"@type\":\"ReadAction\",\"target\":[\"https:\\\/\\\/www.institutosaber.edu.ar\\\/bachillerato\\\/beneficios-para-alumnos\\\/\"]}]},{\"@type\":\"ImageObject\",\"inLanguage\":\"es\",\"@id\":\"https:\\\/\\\/www.institutosaber.edu.ar\\\/bachillerato\\\/beneficios-para-alumnos\\\/#primaryimage\",\"url\":\"https:\\\/\\\/www.institutosaber.edu.ar\\\/bachillerato\\\/wp-content\\\/uploads\\\/2026\\\/02\\\/CLUB-SABER.webp\",\"contentUrl\":\"https:\\\/\\\/www.institutosaber.edu.ar\\\/bachillerato\\\/wp-content\\\/uploads\\\/2026\\\/02\\\/CLUB-SABER.webp\",\"width\":736,\"height\":697,\"caption\":\"Club de Beneficios - Bachillerato SABER\"},{\"@type\":\"BreadcrumbList\",\"@id\":\"https:\\\/\\\/www.institutosaber.edu.ar\\\/bachillerato\\\/beneficios-para-alumnos\\\/#breadcrumb\",\"itemListElement\":[{\"@type\":\"ListItem\",\"position\":1,\"name\":\"Portada\",\"item\":\"https:\\\/\\\/www.institutosaber.edu.ar\\\/bachillerato\\\/\"},{\"@type\":\"ListItem\",\"position\":2,\"name\":\"Beneficios para alumnos\"}]},{\"@type\":\"WebSite\",\"@id\":\"https:\\\/\\\/www.institutosaber.edu.ar\\\/bachillerato\\\/#website\",\"url\":\"https:\\\/\\\/www.institutosaber.edu.ar\\\/bachillerato\\\/\",\"name\":\"Bachiller Instituto SABER\",\"description\":\"Instituto Saber - Termina el secundario online\",\"publisher\":{\"@id\":\"https:\\\/\\\/www.institutosaber.edu.ar\\\/bachillerato\\\/#organization\"},\"potentialAction\":[{\"@type\":\"SearchAction\",\"target\":{\"@type\":\"EntryPoint\",\"urlTemplate\":\"https:\\\/\\\/www.institutosaber.edu.ar\\\/bachillerato\\\/?s={search_term_string}\"},\"query-input\":{\"@type\":\"PropertyValueSpecification\",\"valueRequired\":true,\"valueName\":\"search_term_string\"}}],\"inLanguage\":\"es\"},{\"@type\":\"Organization\",\"@id\":\"https:\\\/\\\/www.institutosaber.edu.ar\\\/bachillerato\\\/#organization\",\"name\":\"Bachiller Instituto SABER\",\"url\":\"https:\\\/\\\/www.institutosaber.edu.ar\\\/bachillerato\\\/\",\"logo\":{\"@type\":\"ImageObject\",\"inLanguage\":\"es\",\"@id\":\"https:\\\/\\\/www.institutosaber.edu.ar\\\/bachillerato\\\/#\\\/schema\\\/logo\\\/image\\\/\",\"url\":\"https:\\\/\\\/www.institutosaber.edu.ar\\\/bachillerato\\\/wp-content\\\/uploads\\\/2022\\\/10\\\/LogoSABERBachiller-Gris.webp\",\"contentUrl\":\"https:\\\/\\\/www.institutosaber.edu.ar\\\/bachillerato\\\/wp-content\\\/uploads\\\/2022\\\/10\\\/LogoSABERBachiller-Gris.webp\",\"width\":302,\"height\":107,\"caption\":\"Bachiller Instituto SABER\"},\"image\":{\"@id\":\"https:\\\/\\\/www.institutosaber.edu.ar\\\/bachillerato\\\/#\\\/schema\\\/logo\\\/image\\\/\"},\"sameAs\":[\"https:\\\/\\\/www.facebook.com\\\/institutosaber.ar\",\"https:\\\/\\\/x.com\\\/Comunidadsaber\",\"https:\\\/\\\/www.instagram.com\\\/institutosaber.ar\\\/\",\"https:\\\/\\\/www.youtube.com\\\/channel\\\/UCu7whMsW7UtjUuU4KTo5GAQ\",\"https:\\\/\\\/www.linkedin.com\\\/school\\\/institutosaber\\\/\"]}]}<\/script>\n<!-- \/ Yoast SEO plugin. -->","yoast_head_json":{"title":"Beneficios para alumnos del Bachillerato de Instituto SABER","description":"DISFRUT\u00c1 de importantes Beneficios para alumnos de SABER, con descuentos en matr\u00edculas, cuotas y muchos comercios adheridos para descubrir!","robots":{"index":"index","follow":"follow","max-snippet":"max-snippet:-1","max-image-preview":"max-image-preview:large","max-video-preview":"max-video-preview:-1"},"canonical":"https:\/\/www.institutosaber.edu.ar\/bachillerato\/beneficios-para-alumnos\/","og_locale":"es_ES","og_type":"article","og_title":"Beneficios para alumnos del Bachillerato de Instituto SABER","og_description":"DISFRUT\u00c1 de importantes Beneficios para alumnos de SABER, con descuentos en matr\u00edculas, cuotas y muchos comercios adheridos para descubrir!","og_url":"https:\/\/www.institutosaber.edu.ar\/bachillerato\/beneficios-para-alumnos\/","og_site_name":"Bachiller Instituto SABER","article_publisher":"https:\/\/www.facebook.com\/institutosaber.ar","article_modified_time":"2026-02-20T14:40:51+00:00","og_image":[{"width":736,"height":697,"url":"https:\/\/www.institutosaber.edu.ar\/bachillerato\/wp-content\/uploads\/2026\/02\/CLUB-SABER.webp","type":"image\/webp"}],"twitter_card":"summary_large_image","twitter_site":"@Comunidadsaber","twitter_misc":{"Tiempo de lectura":"5 minutos"},"schema":{"@context":"https:\/\/schema.org","@graph":[{"@type":"WebPage","@id":"https:\/\/www.institutosaber.edu.ar\/bachillerato\/beneficios-para-alumnos\/","url":"https:\/\/www.institutosaber.edu.ar\/bachillerato\/beneficios-para-alumnos\/","name":"Beneficios para alumnos del Bachillerato de Instituto SABER","isPartOf":{"@id":"https:\/\/www.institutosaber.edu.ar\/bachillerato\/#website"},"primaryImageOfPage":{"@id":"https:\/\/www.institutosaber.edu.ar\/bachillerato\/beneficios-para-alumnos\/#primaryimage"},"image":{"@id":"https:\/\/www.institutosaber.edu.ar\/bachillerato\/beneficios-para-alumnos\/#primaryimage"},"thumbnailUrl":"https:\/\/www.institutosaber.edu.ar\/bachillerato\/wp-content\/uploads\/2026\/02\/CLUB-SABER.webp","datePublished":"2022-05-02T20:03:28+00:00","dateModified":"2026-02-20T14:40:51+00:00","description":"DISFRUT\u00c1 de importantes Beneficios para alumnos de SABER, con descuentos en matr\u00edculas, cuotas y muchos comercios adheridos para descubrir!","breadcrumb":{"@id":"https:\/\/www.institutosaber.edu.ar\/bachillerato\/beneficios-para-alumnos\/#breadcrumb"},"inLanguage":"es","potentialAction":[{"@type":"ReadAction","target":["https:\/\/www.institutosaber.edu.ar\/bachillerato\/beneficios-para-alumnos\/"]}]},{"@type":"ImageObject","inLanguage":"es","@id":"https:\/\/www.institutosaber.edu.ar\/bachillerato\/beneficios-para-alumnos\/#primaryimage","url":"https:\/\/www.institutosaber.edu.ar\/bachillerato\/wp-content\/uploads\/2026\/02\/CLUB-SABER.webp","contentUrl":"https:\/\/www.institutosaber.edu.ar\/bachillerato\/wp-content\/uploads\/2026\/02\/CLUB-SABER.webp","width":736,"height":697,"caption":"Club de Beneficios - Bachillerato SABER"},{"@type":"BreadcrumbList","@id":"https:\/\/www.institutosaber.edu.ar\/bachillerato\/beneficios-para-alumnos\/#breadcrumb","itemListElement":[{"@type":"ListItem","position":1,"name":"Portada","item":"https:\/\/www.institutosaber.edu.ar\/bachillerato\/"},{"@type":"ListItem","position":2,"name":"Beneficios para alumnos"}]},{"@type":"WebSite","@id":"https:\/\/www.institutosaber.edu.ar\/bachillerato\/#website","url":"https:\/\/www.institutosaber.edu.ar\/bachillerato\/","name":"Bachiller Instituto SABER","description":"Instituto Saber - Termina el secundario online","publisher":{"@id":"https:\/\/www.institutosaber.edu.ar\/bachillerato\/#organization"},"potentialAction":[{"@type":"SearchAction","target":{"@type":"EntryPoint","urlTemplate":"https:\/\/www.institutosaber.edu.ar\/bachillerato\/?s={search_term_string}"},"query-input":{"@type":"PropertyValueSpecification","valueRequired":true,"valueName":"search_term_string"}}],"inLanguage":"es"},{"@type":"Organization","@id":"https:\/\/www.institutosaber.edu.ar\/bachillerato\/#organization","name":"Bachiller Instituto SABER","url":"https:\/\/www.institutosaber.edu.ar\/bachillerato\/","logo":{"@type":"ImageObject","inLanguage":"es","@id":"https:\/\/www.institutosaber.edu.ar\/bachillerato\/#\/schema\/logo\/image\/","url":"https:\/\/www.institutosaber.edu.ar\/bachillerato\/wp-content\/uploads\/2022\/10\/LogoSABERBachiller-Gris.webp","contentUrl":"https:\/\/www.institutosaber.edu.ar\/bachillerato\/wp-content\/uploads\/2022\/10\/LogoSABERBachiller-Gris.webp","width":302,"height":107,"caption":"Bachiller Instituto SABER"},"image":{"@id":"https:\/\/www.institutosaber.edu.ar\/bachillerato\/#\/schema\/logo\/image\/"},"sameAs":["https:\/\/www.facebook.com\/institutosaber.ar","https:\/\/x.com\/Comunidadsaber","https:\/\/www.instagram.com\/institutosaber.ar\/","https:\/\/www.youtube.com\/channel\/UCu7whMsW7UtjUuU4KTo5GAQ","https:\/\/www.linkedin.com\/school\/institutosaber\/"]}]}},"_links":{"self":[{"href":"https:\/\/www.institutosaber.edu.ar\/bachillerato\/wp-json\/wp\/v2\/pages\/1742","targetHints":{"allow":["GET"]}}],"collection":[{"href":"https:\/\/www.institutosaber.edu.ar\/bachillerato\/wp-json\/wp\/v2\/pages"}],"about":[{"href":"https:\/\/www.institutosaber.edu.ar\/bachillerato\/wp-json\/wp\/v2\/types\/page"}],"author":[{"embeddable":true,"href":"https:\/\/www.institutosaber.edu.ar\/bachillerato\/wp-json\/wp\/v2\/users\/2"}],"replies":[{"embeddable":true,"href":"https:\/\/www.institutosaber.edu.ar\/bachillerato\/wp-json\/wp\/v2\/comments?post=1742"}],"version-history":[{"count":19,"href":"https:\/\/www.institutosaber.edu.ar\/bachillerato\/wp-json\/wp\/v2\/pages\/1742\/revisions"}],"predecessor-version":[{"id":4171,"href":"https:\/\/www.institutosaber.edu.ar\/bachillerato\/wp-json\/wp\/v2\/pages\/1742\/revisions\/4171"}],"wp:attachment":[{"href":"https:\/\/www.institutosaber.edu.ar\/bachillerato\/wp-json\/wp\/v2\/media?parent=1742"}],"curies":[{"name":"wp","href":"https:\/\/api.w.org\/{rel}","templated":true}]}}