{"id":1746,"date":"2022-05-02T18:41:57","date_gmt":"2022-05-02T21:41:57","guid":{"rendered":"http:\/\/c2360366.ferozo.com\/new\/?page_id=1746"},"modified":"2026-02-20T13:35:51","modified_gmt":"2026-02-20T16:35:51","slug":"plan-amigos-referidos","status":"publish","type":"page","link":"https:\/\/www.institutosaber.edu.ar\/bachillerato\/plan-amigos-referidos\/","title":{"rendered":"Plan Amigos Referidos"},"content":{"rendered":"<div class=\"gb-container gb-container-cdb0e833 alignfull\"><div class=\"gb-inside-container\"><\/div><\/div>\n\n<div class=\"gb-container gb-container-d5378d3b\"><div class=\"gb-inside-container\">\n<div class=\"gb-container gb-container-472e9bd5\" id=\"welcome\"><div class=\"gb-inside-container\">\n<div class=\"gb-grid-wrapper gb-grid-wrapper-a27b11f8\">\n<div class=\"gb-grid-column gb-grid-column-8aba818c\"><div class=\"gb-container gb-container-8aba818c\"><div class=\"gb-inside-container\">\n\n<h1 class=\"wp-block-heading has-text-align-center has-var-contrast-2-color has-text-color\">Plan Referidos<\/h1>\n\n\n\n<p class=\"has-text-align-center has-base-background-color has-background\">Si sos estudiante de Bachillerato SABER el <strong>Plan Referidos<\/strong> es ideal para vos.<br> <strong><br>> Si refer\u00eds a una persona para que forme parte de nuestra instituci\u00f3n y esta persona se inscribe, te trasladamos el monto que abone en concepto de matr\u00edcula.<\/strong><br><br>Mientras m\u00e1s personas se inscriban bajo tu referencia, m\u00e1s dinero te descontaremos en concepto de cuotas mensuales.<\/p>\n\n<\/div><\/div><\/div>\n<\/div>\n<\/div><\/div>\n\n<div class=\"gb-container gb-container-27c5773e\"><div class=\"gb-inside-container\">\n\n<hr class=\"wp-block-separator has-text-color has-contrast-3-color has-css-opacity has-contrast-3-background-color has-background\"\/>\n\n\n\n<h2 class=\"wp-block-heading has-text-align-center\">M\u00e1s beneficios para vos<\/h2>\n\n\n<div class=\"gb-grid-wrapper gb-grid-wrapper-4ae370ad\">\n<div class=\"gb-grid-column gb-grid-column-c647b9b0\"><div class=\"gb-container gb-container-c647b9b0\"><div class=\"gb-inside-container\">\n\n<h3 class=\"gb-headline gb-headline-c0d53509 gb-headline-text\"><a href=\"https:\/\/www.institutosaber.edu.ar\/bachillerato\/beneficios-para-alumnos\/\">CLUB DE<br>BENEFICIOS<\/a><\/h3>\n\n\n\n<p class=\"has-text-align-center has-white-color has-text-color\">Si sos parte de nuestra comunidad tendr\u00e1s tu tarjeta DIGITAL para disfrutar de  muchos beneficios.<\/p>\n\n<\/div><\/div><\/div>\n\n<div class=\"gb-grid-column gb-grid-column-bac878aa\"><div class=\"gb-container gb-container-bac878aa\"><div class=\"gb-inside-container\">\n\n<h3 class=\"gb-headline gb-headline-21597f7c gb-headline-text\"><a href=\"https:\/\/www.institutosaber.edu.ar\/bachillerato\/plan-somos-familia\/\">PLAN<br>FAMILAR<\/a><\/h3>\n\n\n\n<p class=\"has-text-align-center has-white-color has-text-color\">Somos comunidad SABER y tenemos beneficios especiales para vos y tus familiares en cuotas y m\u00e1s. <br><\/p>\n\n<\/div><\/div><\/div>\n\n<div class=\"gb-grid-column gb-grid-column-df68d9ab\"><div class=\"gb-container gb-container-df68d9ab\"><div class=\"gb-inside-container\">\n\n<h3 class=\"gb-headline gb-headline-ef18fdf9 gb-headline-text\"><a href=\"https:\/\/www.institutosaber.edu.ar\/bachillerato\/beneficios-para-empresas-amigas\/\">ORGANIZACIONES<br>AMIGAS<\/a><\/h3>\n\n\n\n<p class=\"has-text-align-center has-white-color has-text-color\">Realizamos convenios con empresas para que puedas completar tu carrera a un precio diferenciado.<\/p>\n\n<\/div><\/div><\/div>\n\n<div class=\"gb-grid-column gb-grid-column-1e97d45f\"><div class=\"gb-container gb-container-1e97d45f\"><div class=\"gb-inside-container\">\n\n<h3 class=\"gb-headline gb-headline-ba147eeb gb-headline-text\"><a href=\"https:\/\/www.institutosaber.edu.ar\/bachillerato\/plan-amigos-referidos\/\">PLAN DE<br>REFERIDOS<\/a><\/h3>\n\n\n\n<p class=\"has-text-align-center has-white-color has-text-color\">Si refer\u00eds a una persona te trasladamos el monto de inscripci\u00f3n que abone tu referido. Sin tope!<\/p>\n\n<\/div><\/div><\/div>\n<\/div>\n<\/div><\/div>\n<\/div><\/div>\n\n\n<hr class=\"wp-block-separator has-text-color has-base-color has-css-opacity has-base-background-color has-background\"\/>\n\n\n<div class=\"gb-container gb-container-4684923f\">\n\n<div class=\"wp-block-group alignfull has-base-2-background-color has-text-color has-background\" style=\"color:#000000\"><div class=\"wp-block-group__inner-container is-layout-flow wp-block-group-is-layout-flow\">\n<p class=\"has-text-align-center has-small-font-size\" style=\"line-height:.9\"><strong>Es momento de poner tu futuro en marcha<\/strong><\/p>\n\n\n\n<h2 class=\"wp-block-heading has-text-align-center\" id=\"schedule-a-visit\" style=\"font-size:59px;line-height:1.15\"><strong>Termin\u00e1 tu secundario en SABER.<\/strong><\/h2>\n\n\n<div class=\"gb-container gb-container-9c5bad3f\">\n<div class=\"gb-container gb-container-090ff713\">\n<div class=\"gb-grid-wrapper gb-grid-wrapper-6465241b\">\n<div class=\"gb-grid-column gb-grid-column-9c81df1e\"><div class=\"gb-container gb-container-9c81df1e\">\n\n<a class=\"gb-button gb-button-39e42af8\" href=\"https:\/\/www.institutosaber.edu.ar\/bachillerato\/contacto-bachiller-online\/\"><span class=\"gb-icon\"><svg xmlns=\"http:\/\/www.w3.org\/2000\/svg\" viewBox=\"0 0 512 512\" width=\"1em\" height=\"1em\" aria-hidden=\"true\"><path d=\"M464 64H48C21.49 64 0 85.49 0 112v288c0 26.51 21.49 48 48 48h416c26.51 0 48-21.49 48-48V112c0-26.51-21.49-48-48-48zm0 48v40.805c-22.422 18.259-58.168 46.651-134.587 106.49-16.841 13.247-50.201 45.072-73.413 44.701-23.208.375-56.579-31.459-73.413-44.701C106.18 199.465 70.425 171.067 48 152.805V112h416zM48 400V214.398c22.914 18.251 55.409 43.862 104.938 82.646 21.857 17.205 60.134 55.186 103.062 54.955 42.717.231 80.509-37.199 103.053-54.947 49.528-38.783 82.032-64.401 104.947-82.653V400H48z\" fill=\"currentColor\"><\/path><\/svg><\/span><span class=\"gb-button-text\"> contacto<\/span><\/a>\n\n<\/div><\/div>\n\n<div class=\"gb-grid-column gb-grid-column-3cfcb9cf\"><div class=\"gb-container gb-container-3cfcb9cf\">\n\n<a class=\"gb-button gb-button-67882daa\" href=\"https:\/\/wa.link\/86wtwp\" target=\"_blank\" rel=\"noopener noreferrer\"><span class=\"gb-icon\"><svg aria-hidden=\"true\" role=\"img\" height=\"1em\" width=\"1em\" viewBox=\"0 0 448 512\" xmlns=\"http:\/\/www.w3.org\/2000\/svg\"><path fill=\"currentColor\" d=\"M380.9 97.1C339 55.1 283.2 32 223.9 32c-122.4 0-222 99.6-222 222 0 39.1 10.2 77.3 29.6 111L0 480l117.7-30.9c32.4 17.7 68.9 27 106.1 27h.1c122.3 0 224.1-99.6 224.1-222 0-59.3-25.2-115-67.1-157zm-157 341.6c-33.2 0-65.7-8.9-94-25.7l-6.7-4-69.8 18.3L72 359.2l-4.4-7c-18.5-29.4-28.2-63.3-28.2-98.2 0-101.7 82.8-184.5 184.6-184.5 49.3 0 95.6 19.2 130.4 54.1 34.8 34.9 56.2 81.2 56.1 130.5 0 101.8-84.9 184.6-186.6 184.6zm101.2-138.2c-5.5-2.8-32.8-16.2-37.9-18-5.1-1.9-8.8-2.8-12.5 2.8-3.7 5.6-14.3 18-17.6 21.8-3.2 3.7-6.5 4.2-12 1.4-32.6-16.3-54-29.1-75.5-66-5.7-9.8 5.7-9.1 16.3-30.3 1.8-3.7.9-6.9-.5-9.7-1.4-2.8-12.5-30.1-17.1-41.2-4.5-10.8-9.1-9.3-12.5-9.5-3.2-.2-6.9-.2-10.6-.2-3.7 0-9.7 1.4-14.8 6.9-5.1 5.6-19.4 19-19.4 46.3 0 27.3 19.9 53.7 22.6 57.4 2.8 3.7 39.1 59.7 94.8 83.8 35.2 15.2 49 16.5 66.6 13.9 10.7-1.6 32.8-13.4 37.4-26.4 4.6-13 4.6-24.1 3.2-26.4-1.3-2.5-5-3.9-10.5-6.6z\"><\/path><\/svg><\/span><span class=\"gb-button-text\">Whatsapp<\/span><\/a>\n\n<\/div><\/div>\n<\/div>\n<\/div>\n<\/div><\/div><\/div>\n\n<\/div>\n\n\n<p><\/p>\n","protected":false},"excerpt":{"rendered":"<p>M\u00e1s beneficios para vos<\/p>\n","protected":false},"author":2,"featured_media":0,"parent":0,"menu_order":0,"comment_status":"closed","ping_status":"closed","template":"","meta":{"inline_featured_image":false,"footnotes":""},"class_list":["post-1746","page","type-page","status-publish"],"yoast_head":"<!-- This site is optimized with the Yoast SEO plugin v27.4 - https:\/\/yoast.com\/product\/yoast-seo-wordpress\/ -->\n<title>Plan Amigos Referidos - Bachiller Instituto SABER<\/title>\n<meta name=\"description\" content=\"Plan Amigos Referidos\" \/>\n<meta name=\"robots\" content=\"index, follow, max-snippet:-1, max-image-preview:large, max-video-preview:-1\" \/>\n<link rel=\"canonical\" href=\"https:\/\/www.institutosaber.edu.ar\/bachillerato\/plan-amigos-referidos\/\" \/>\n<meta property=\"og:locale\" content=\"es_ES\" \/>\n<meta property=\"og:type\" content=\"article\" \/>\n<meta property=\"og:title\" content=\"Plan Amigos Referidos - Bachiller Instituto SABER\" \/>\n<meta property=\"og:description\" content=\"Plan Amigos Referidos\" \/>\n<meta property=\"og:url\" content=\"https:\/\/www.institutosaber.edu.ar\/bachillerato\/plan-amigos-referidos\/\" \/>\n<meta property=\"og:site_name\" content=\"Bachiller Instituto SABER\" \/>\n<meta property=\"article:publisher\" content=\"https:\/\/www.facebook.com\/institutosaber.ar\" \/>\n<meta property=\"article:modified_time\" content=\"2026-02-20T16:35:51+00:00\" \/>\n<meta name=\"twitter:card\" content=\"summary_large_image\" \/>\n<meta name=\"twitter:site\" content=\"@Comunidadsaber\" \/>\n<meta name=\"twitter:label1\" content=\"Tiempo de lectura\" \/>\n\t<meta name=\"twitter:data1\" content=\"2 minutos\" \/>\n<script type=\"application\/ld+json\" class=\"yoast-schema-graph\">{\"@context\":\"https:\\\/\\\/schema.org\",\"@graph\":[{\"@type\":\"WebPage\",\"@id\":\"https:\\\/\\\/www.institutosaber.edu.ar\\\/bachillerato\\\/plan-amigos-referidos\\\/\",\"url\":\"https:\\\/\\\/www.institutosaber.edu.ar\\\/bachillerato\\\/plan-amigos-referidos\\\/\",\"name\":\"Plan Amigos Referidos - Bachiller Instituto SABER\",\"isPartOf\":{\"@id\":\"https:\\\/\\\/www.institutosaber.edu.ar\\\/bachillerato\\\/#website\"},\"datePublished\":\"2022-05-02T21:41:57+00:00\",\"dateModified\":\"2026-02-20T16:35:51+00:00\",\"description\":\"Plan Amigos Referidos\",\"breadcrumb\":{\"@id\":\"https:\\\/\\\/www.institutosaber.edu.ar\\\/bachillerato\\\/plan-amigos-referidos\\\/#breadcrumb\"},\"inLanguage\":\"es\",\"potentialAction\":[{\"@type\":\"ReadAction\",\"target\":[\"https:\\\/\\\/www.institutosaber.edu.ar\\\/bachillerato\\\/plan-amigos-referidos\\\/\"]}]},{\"@type\":\"BreadcrumbList\",\"@id\":\"https:\\\/\\\/www.institutosaber.edu.ar\\\/bachillerato\\\/plan-amigos-referidos\\\/#breadcrumb\",\"itemListElement\":[{\"@type\":\"ListItem\",\"position\":1,\"name\":\"Portada\",\"item\":\"https:\\\/\\\/www.institutosaber.edu.ar\\\/bachillerato\\\/\"},{\"@type\":\"ListItem\",\"position\":2,\"name\":\"Plan Amigos Referidos\"}]},{\"@type\":\"WebSite\",\"@id\":\"https:\\\/\\\/www.institutosaber.edu.ar\\\/bachillerato\\\/#website\",\"url\":\"https:\\\/\\\/www.institutosaber.edu.ar\\\/bachillerato\\\/\",\"name\":\"Bachiller Instituto SABER\",\"description\":\"Instituto Saber - Termina el secundario online\",\"publisher\":{\"@id\":\"https:\\\/\\\/www.institutosaber.edu.ar\\\/bachillerato\\\/#organization\"},\"potentialAction\":[{\"@type\":\"SearchAction\",\"target\":{\"@type\":\"EntryPoint\",\"urlTemplate\":\"https:\\\/\\\/www.institutosaber.edu.ar\\\/bachillerato\\\/?s={search_term_string}\"},\"query-input\":{\"@type\":\"PropertyValueSpecification\",\"valueRequired\":true,\"valueName\":\"search_term_string\"}}],\"inLanguage\":\"es\"},{\"@type\":\"Organization\",\"@id\":\"https:\\\/\\\/www.institutosaber.edu.ar\\\/bachillerato\\\/#organization\",\"name\":\"Bachiller Instituto SABER\",\"url\":\"https:\\\/\\\/www.institutosaber.edu.ar\\\/bachillerato\\\/\",\"logo\":{\"@type\":\"ImageObject\",\"inLanguage\":\"es\",\"@id\":\"https:\\\/\\\/www.institutosaber.edu.ar\\\/bachillerato\\\/#\\\/schema\\\/logo\\\/image\\\/\",\"url\":\"https:\\\/\\\/www.institutosaber.edu.ar\\\/bachillerato\\\/wp-content\\\/uploads\\\/2022\\\/10\\\/LogoSABERBachiller-Gris.webp\",\"contentUrl\":\"https:\\\/\\\/www.institutosaber.edu.ar\\\/bachillerato\\\/wp-content\\\/uploads\\\/2022\\\/10\\\/LogoSABERBachiller-Gris.webp\",\"width\":302,\"height\":107,\"caption\":\"Bachiller Instituto SABER\"},\"image\":{\"@id\":\"https:\\\/\\\/www.institutosaber.edu.ar\\\/bachillerato\\\/#\\\/schema\\\/logo\\\/image\\\/\"},\"sameAs\":[\"https:\\\/\\\/www.facebook.com\\\/institutosaber.ar\",\"https:\\\/\\\/x.com\\\/Comunidadsaber\",\"https:\\\/\\\/www.instagram.com\\\/institutosaber.ar\\\/\",\"https:\\\/\\\/www.youtube.com\\\/channel\\\/UCu7whMsW7UtjUuU4KTo5GAQ\",\"https:\\\/\\\/www.linkedin.com\\\/school\\\/institutosaber\\\/\"]}]}<\/script>\n<!-- \/ Yoast SEO plugin. -->","yoast_head_json":{"title":"Plan Amigos Referidos - Bachiller Instituto SABER","description":"Plan Amigos Referidos","robots":{"index":"index","follow":"follow","max-snippet":"max-snippet:-1","max-image-preview":"max-image-preview:large","max-video-preview":"max-video-preview:-1"},"canonical":"https:\/\/www.institutosaber.edu.ar\/bachillerato\/plan-amigos-referidos\/","og_locale":"es_ES","og_type":"article","og_title":"Plan Amigos Referidos - Bachiller Instituto SABER","og_description":"Plan Amigos Referidos","og_url":"https:\/\/www.institutosaber.edu.ar\/bachillerato\/plan-amigos-referidos\/","og_site_name":"Bachiller Instituto SABER","article_publisher":"https:\/\/www.facebook.com\/institutosaber.ar","article_modified_time":"2026-02-20T16:35:51+00:00","twitter_card":"summary_large_image","twitter_site":"@Comunidadsaber","twitter_misc":{"Tiempo de lectura":"2 minutos"},"schema":{"@context":"https:\/\/schema.org","@graph":[{"@type":"WebPage","@id":"https:\/\/www.institutosaber.edu.ar\/bachillerato\/plan-amigos-referidos\/","url":"https:\/\/www.institutosaber.edu.ar\/bachillerato\/plan-amigos-referidos\/","name":"Plan Amigos Referidos - Bachiller Instituto SABER","isPartOf":{"@id":"https:\/\/www.institutosaber.edu.ar\/bachillerato\/#website"},"datePublished":"2022-05-02T21:41:57+00:00","dateModified":"2026-02-20T16:35:51+00:00","description":"Plan Amigos Referidos","breadcrumb":{"@id":"https:\/\/www.institutosaber.edu.ar\/bachillerato\/plan-amigos-referidos\/#breadcrumb"},"inLanguage":"es","potentialAction":[{"@type":"ReadAction","target":["https:\/\/www.institutosaber.edu.ar\/bachillerato\/plan-amigos-referidos\/"]}]},{"@type":"BreadcrumbList","@id":"https:\/\/www.institutosaber.edu.ar\/bachillerato\/plan-amigos-referidos\/#breadcrumb","itemListElement":[{"@type":"ListItem","position":1,"name":"Portada","item":"https:\/\/www.institutosaber.edu.ar\/bachillerato\/"},{"@type":"ListItem","position":2,"name":"Plan Amigos Referidos"}]},{"@type":"WebSite","@id":"https:\/\/www.institutosaber.edu.ar\/bachillerato\/#website","url":"https:\/\/www.institutosaber.edu.ar\/bachillerato\/","name":"Bachiller Instituto SABER","description":"Instituto Saber - Termina el secundario online","publisher":{"@id":"https:\/\/www.institutosaber.edu.ar\/bachillerato\/#organization"},"potentialAction":[{"@type":"SearchAction","target":{"@type":"EntryPoint","urlTemplate":"https:\/\/www.institutosaber.edu.ar\/bachillerato\/?s={search_term_string}"},"query-input":{"@type":"PropertyValueSpecification","valueRequired":true,"valueName":"search_term_string"}}],"inLanguage":"es"},{"@type":"Organization","@id":"https:\/\/www.institutosaber.edu.ar\/bachillerato\/#organization","name":"Bachiller Instituto SABER","url":"https:\/\/www.institutosaber.edu.ar\/bachillerato\/","logo":{"@type":"ImageObject","inLanguage":"es","@id":"https:\/\/www.institutosaber.edu.ar\/bachillerato\/#\/schema\/logo\/image\/","url":"https:\/\/www.institutosaber.edu.ar\/bachillerato\/wp-content\/uploads\/2022\/10\/LogoSABERBachiller-Gris.webp","contentUrl":"https:\/\/www.institutosaber.edu.ar\/bachillerato\/wp-content\/uploads\/2022\/10\/LogoSABERBachiller-Gris.webp","width":302,"height":107,"caption":"Bachiller Instituto SABER"},"image":{"@id":"https:\/\/www.institutosaber.edu.ar\/bachillerato\/#\/schema\/logo\/image\/"},"sameAs":["https:\/\/www.facebook.com\/institutosaber.ar","https:\/\/x.com\/Comunidadsaber","https:\/\/www.instagram.com\/institutosaber.ar\/","https:\/\/www.youtube.com\/channel\/UCu7whMsW7UtjUuU4KTo5GAQ","https:\/\/www.linkedin.com\/school\/institutosaber\/"]}]}},"_links":{"self":[{"href":"https:\/\/www.institutosaber.edu.ar\/bachillerato\/wp-json\/wp\/v2\/pages\/1746","targetHints":{"allow":["GET"]}}],"collection":[{"href":"https:\/\/www.institutosaber.edu.ar\/bachillerato\/wp-json\/wp\/v2\/pages"}],"about":[{"href":"https:\/\/www.institutosaber.edu.ar\/bachillerato\/wp-json\/wp\/v2\/types\/page"}],"author":[{"embeddable":true,"href":"https:\/\/www.institutosaber.edu.ar\/bachillerato\/wp-json\/wp\/v2\/users\/2"}],"replies":[{"embeddable":true,"href":"https:\/\/www.institutosaber.edu.ar\/bachillerato\/wp-json\/wp\/v2\/comments?post=1746"}],"version-history":[{"count":19,"href":"https:\/\/www.institutosaber.edu.ar\/bachillerato\/wp-json\/wp\/v2\/pages\/1746\/revisions"}],"predecessor-version":[{"id":4178,"href":"https:\/\/www.institutosaber.edu.ar\/bachillerato\/wp-json\/wp\/v2\/pages\/1746\/revisions\/4178"}],"wp:attachment":[{"href":"https:\/\/www.institutosaber.edu.ar\/bachillerato\/wp-json\/wp\/v2\/media?parent=1746"}],"curies":[{"name":"wp","href":"https:\/\/api.w.org\/{rel}","templated":true}]}}