{"id":1772,"date":"2022-05-02T19:47:02","date_gmt":"2022-05-02T22:47:02","guid":{"rendered":"http:\/\/c2360366.ferozo.com\/new\/?page_id=1772"},"modified":"2026-02-23T09:54:25","modified_gmt":"2026-02-23T12:54:25","slug":"completar-secundario","status":"publish","type":"page","link":"https:\/\/www.institutosaber.edu.ar\/bachillerato\/completar-secundario\/","title":{"rendered":"completar secundario"},"content":{"rendered":"<div class=\"gb-container gb-container-cdb0e833 alignfull\"><div class=\"gb-inside-container\">\n<div class=\"gb-grid-wrapper gb-grid-wrapper-1bb68d38\">\n<div class=\"gb-grid-column gb-grid-column-60682a6a\"><div class=\"gb-container gb-container-60682a6a\"><div class=\"gb-inside-container\">\n\n<h1 class=\"gb-headline gb-headline-f2abc893 gb-headline-text\">Equivalencias<\/h1>\n\n<\/div><\/div><\/div>\n<\/div>\n<\/div><\/div>\n\n<div class=\"gb-container gb-container-d5378d3b\"><div class=\"gb-inside-container\">\n<div class=\"gb-container gb-container-472e9bd5\" id=\"welcome\"><div class=\"gb-inside-container\">\n<div class=\"gb-grid-wrapper gb-grid-wrapper-a27b11f8\">\n<div class=\"gb-grid-column gb-grid-column-8aba818c\"><div class=\"gb-container gb-container-8aba818c\"><div class=\"gb-inside-container\">\n\n<h2 class=\"wp-block-heading has-text-align-center has-var-contrast-2-color has-text-color\"><strong>Reconocemos tus estudios anteriores<\/strong><\/h2>\n\n\n\n<p class=\"has-text-align-center has-var-contrast-2-color has-text-color\">En <strong>SABER<\/strong>, <strong>reconocemos tus estudios anteriores<\/strong> reduciendo el tiempo para completar tu secundario. <br>Presentando la documentaci\u00f3n con tus materias aprobadas, y dependiendo de esta informaci\u00f3n te reconocemos la aprobaci\u00f3n de las asignaturas.<br>Al contactarnos te ofrecemos una gu\u00eda con los pasos a seguir para facilitarte la gesti\u00f3n de equivalencias<\/p>\n\n\n<div class=\"gb-grid-wrapper gb-grid-wrapper-e803cea0\">\n<div class=\"gb-grid-column gb-grid-column-47dc8f43\"><div class=\"gb-container gb-container-47dc8f43\"><div class=\"gb-inside-container\">\n<div class=\"wp-block-image is-resized is-style-default\">\n<figure class=\"aligncenter size-thumbnail\"><img decoding=\"async\" width=\"150\" height=\"150\" src=\"https:\/\/www.institutosaber.edu.ar\/bachillerato\/wp-content\/uploads\/2022\/11\/Icono-1_-Plan-25-150x150.webp\" alt=\"Certificado Anal\u00edtico\" class=\"wp-image-3816\"\/><\/figure>\n<\/div>\n\n\n<p class=\"has-text-align-center has-contrast-2-color has-text-color\">Para conformar tu plan de estudios es necesario que cuentes con el Certificado Anal\u00edtico parcial de las materias.<\/p>\n\n<\/div><\/div><\/div>\n\n<div class=\"gb-grid-column gb-grid-column-6826778e\"><div class=\"gb-container gb-container-6826778e\"><div class=\"gb-inside-container\">\n<div class=\"wp-block-image is-resized is-style-default\">\n<figure class=\"aligncenter size-thumbnail\"><img decoding=\"async\" width=\"150\" height=\"150\" src=\"https:\/\/www.institutosaber.edu.ar\/bachillerato\/wp-content\/uploads\/2022\/11\/Icono-2_-Plan-25-150x150.webp\" alt=\"Inscripci\u00f3n Instituto Saber\" class=\"wp-image-3817\"\/><\/figure>\n<\/div>\n\n\n<p class=\"has-text-align-center has-contrast-2-color has-text-color\">Establecemos tu Plan de Estudios de forma inmediata.<\/p>\n\n<\/div><\/div><\/div>\n<\/div>\n<\/div><\/div><\/div>\n<\/div>\n\n<div class=\"gb-container gb-container-a88c680e\">\n<div class=\"gb-container gb-container-090ff713\">\n<div class=\"gb-grid-wrapper gb-grid-wrapper-6465241b\">\n<div class=\"gb-grid-column gb-grid-column-9c81df1e\"><div class=\"gb-container gb-container-9c81df1e\">\n\n<a class=\"gb-button gb-button-39e42af8\" href=\"https:\/\/www.institutosaber.edu.ar\/bachillerato\/contacto-bachiller-online\/\"><span class=\"gb-icon\"><svg xmlns=\"http:\/\/www.w3.org\/2000\/svg\" viewBox=\"0 0 512 512\" width=\"1em\" height=\"1em\" aria-hidden=\"true\"><path d=\"M464 64H48C21.49 64 0 85.49 0 112v288c0 26.51 21.49 48 48 48h416c26.51 0 48-21.49 48-48V112c0-26.51-21.49-48-48-48zm0 48v40.805c-22.422 18.259-58.168 46.651-134.587 106.49-16.841 13.247-50.201 45.072-73.413 44.701-23.208.375-56.579-31.459-73.413-44.701C106.18 199.465 70.425 171.067 48 152.805V112h416zM48 400V214.398c22.914 18.251 55.409 43.862 104.938 82.646 21.857 17.205 60.134 55.186 103.062 54.955 42.717.231 80.509-37.199 103.053-54.947 49.528-38.783 82.032-64.401 104.947-82.653V400H48z\" fill=\"currentColor\"><\/path><\/svg><\/span><span class=\"gb-button-text\"> contacto<\/span><\/a>\n\n<\/div><\/div>\n\n<div class=\"gb-grid-column gb-grid-column-3cfcb9cf\"><div class=\"gb-container gb-container-3cfcb9cf\">\n\n<a class=\"gb-button gb-button-67882daa\" href=\"https:\/\/wa.link\/86wtwp\" target=\"_blank\" rel=\"noopener noreferrer\"><span class=\"gb-icon\"><svg aria-hidden=\"true\" role=\"img\" height=\"1em\" width=\"1em\" viewBox=\"0 0 448 512\" xmlns=\"http:\/\/www.w3.org\/2000\/svg\"><path fill=\"currentColor\" d=\"M380.9 97.1C339 55.1 283.2 32 223.9 32c-122.4 0-222 99.6-222 222 0 39.1 10.2 77.3 29.6 111L0 480l117.7-30.9c32.4 17.7 68.9 27 106.1 27h.1c122.3 0 224.1-99.6 224.1-222 0-59.3-25.2-115-67.1-157zm-157 341.6c-33.2 0-65.7-8.9-94-25.7l-6.7-4-69.8 18.3L72 359.2l-4.4-7c-18.5-29.4-28.2-63.3-28.2-98.2 0-101.7 82.8-184.5 184.6-184.5 49.3 0 95.6 19.2 130.4 54.1 34.8 34.9 56.2 81.2 56.1 130.5 0 101.8-84.9 184.6-186.6 184.6zm101.2-138.2c-5.5-2.8-32.8-16.2-37.9-18-5.1-1.9-8.8-2.8-12.5 2.8-3.7 5.6-14.3 18-17.6 21.8-3.2 3.7-6.5 4.2-12 1.4-32.6-16.3-54-29.1-75.5-66-5.7-9.8 5.7-9.1 16.3-30.3 1.8-3.7.9-6.9-.5-9.7-1.4-2.8-12.5-30.1-17.1-41.2-4.5-10.8-9.1-9.3-12.5-9.5-3.2-.2-6.9-.2-10.6-.2-3.7 0-9.7 1.4-14.8 6.9-5.1 5.6-19.4 19-19.4 46.3 0 27.3 19.9 53.7 22.6 57.4 2.8 3.7 39.1 59.7 94.8 83.8 35.2 15.2 49 16.5 66.6 13.9 10.7-1.6 32.8-13.4 37.4-26.4 4.6-13 4.6-24.1 3.2-26.4-1.3-2.5-5-3.9-10.5-6.6z\"><\/path><\/svg><\/span><span class=\"gb-button-text\">Whatsapp<\/span><\/a>\n\n<\/div><\/div>\n<\/div>\n<\/div>\n<\/div>\n<\/div><\/div>\n<\/div><\/div>\n\n<div class=\"gb-container gb-container-eaebf543\"><div class=\"gb-inside-container\">\n<div class=\"gb-container gb-container-9277524a\"><div class=\"gb-inside-container\">\n<div class=\"gb-container gb-container-160e0ed5\"><div class=\"gb-inside-container\">\n<div class=\"gb-container gb-container-7c4e08a0\"><div class=\"gb-inside-container\">\n\n<div class=\"wp-block-columns is-layout-flex wp-container-core-columns-is-layout-9d6595d7 wp-block-columns-is-layout-flex\">\n<div class=\"wp-block-column has-base-3-color has-global-color-10-background-color has-text-color has-background is-layout-flow wp-block-column-is-layout-flow\">\n<div class=\"wp-block-columns is-layout-flex wp-container-core-columns-is-layout-9d6595d7 wp-block-columns-is-layout-flex\">\n<div class=\"wp-block-column is-layout-flow wp-block-column-is-layout-flow\"><div class=\"gb-container gb-container-6903c7b2\"><div class=\"gb-inside-container\">\n<div class=\"gb-container gb-container-6cc7e220\"><div class=\"gb-inside-container\">\n\n<h3 class=\"wp-block-heading has-text-align-center has-base-3-color has-text-color has-link-color wp-elements-414ef6a934b30b24f7e041ad1ec96402\">INFORMACI\u00d3N IMPORTANTE SOBRE EQUIVALENCIAS<\/h3>\n\n\n\n<ul class=\"wp-block-list\">\n<li>Pod\u00e9s entregar la documentaci\u00f3n en forma digital. Tiene que estar formato PDF. No pueden ser fotos, ya que tiene que ser bien legible para su an\u00e1lisis.<\/li>\n\n\n\n<li>Con el plan generado, se deber\u00e1s presentar el material legalizado (si no se hizo inicialmente), para poder avanzar con el tr\u00e1mite final.<\/li>\n\n\n\n<li>El plazo de entrega de la documentaci\u00f3n es de 15 d\u00edas, luego de comenzar el cursado de la materia.<\/li>\n<\/ul>\n\n<\/div><\/div>\n<\/div><\/div><\/div>\n<\/div>\n<\/div>\n<\/div>\n\n<\/div><\/div>\n<\/div><\/div>\n<\/div><\/div>\n<\/div><\/div>\n\n<div class=\"gb-container gb-container-7acb4421\"><div class=\"gb-inside-container\">\n<div class=\"gb-container gb-container-bafb25cc\"><div class=\"gb-inside-container\">\n<div class=\"gb-grid-wrapper gb-grid-wrapper-91201309\">\n<div class=\"gb-grid-column gb-grid-column-15a917ef\"><div class=\"gb-container gb-container-15a917ef\"><div class=\"gb-inside-container\">\n\n<h3 class=\"gb-headline gb-headline-f2deb261\"><span class=\"gb-icon\"><svg viewBox=\"0 0 15 15\" fill=\"none\" xmlns=\"http:\/\/www.w3.org\/2000\/svg\" width=\"30\" height=\"30\"><path fill-rule=\"evenodd\" clip-rule=\"evenodd\" d=\"M0 7.5a7.5 7.5 0 1115 0 7.5 7.5 0 01-15 0zM7 11V8H4V7h3V4h1v3h3v1H8v3H7z\" fill=\"currentColor\"><\/path><\/svg><\/span><span class=\"gb-headline-text\">Plan +25 A\u00d1OS<\/span><\/h3>\n\n\n\n<p>Si ten\u00e9s m\u00e1s de 25 a\u00f1os contamos con un PLAN ESPECIAL para vos, donde podr\u00e1s completar el CBU (Ciclo B\u00e1sico Unificado) y una Tecnicatura Superior.<\/p>\n\n<\/div><\/div><\/div>\n\n<div class=\"gb-grid-column gb-grid-column-18357188\"><div class=\"gb-container gb-container-18357188\"><div class=\"gb-inside-container\">\n<div class=\"gb-button-wrapper gb-button-wrapper-5e270e0a\">\n\n<a class=\"gb-button gb-button-509e8e50 gb-button-text\" href=\"https:\/\/www.institutosaber.edu.ar\/bachillerato\/plan25-cb-bachillerato-1-ano\/\">Ahora es tu MOMENTO <\/a>\n\n<\/div>\n<\/div><\/div><\/div>\n<\/div>\n<\/div><\/div>\n\n<div class=\"gb-container gb-container-066c9194\"><div class=\"gb-inside-container\">\n<div class=\"gb-grid-wrapper gb-grid-wrapper-bc51b8f4\">\n<div class=\"gb-grid-column gb-grid-column-3c7164da\"><div class=\"gb-container gb-container-3c7164da\"><div class=\"gb-inside-container\">\n<div class=\"gb-button-wrapper gb-button-wrapper-b1d827fb\">\n\n<a class=\"gb-button gb-button-f4df56e1 gb-button-text\" href=\"https:\/\/www.institutosaber.edu.ar\/bachillerato\/modalidad-bachiller-online\/\">Estudi\u00e1 a<br>tu ritmo <\/a>\n\n<\/div>\n<\/div><\/div><\/div>\n\n<div class=\"gb-grid-column gb-grid-column-acd65eae\"><div class=\"gb-container gb-container-acd65eae\"><div class=\"gb-inside-container\">\n\n<h3 class=\"gb-headline gb-headline-d8776f29\"><span class=\"gb-icon\"><svg viewBox=\"0 0 15 15\" fill=\"none\" xmlns=\"http:\/\/www.w3.org\/2000\/svg\" width=\"30\" height=\"30\"><path fill-rule=\"evenodd\" clip-rule=\"evenodd\" d=\"M0 7.5a7.5 7.5 0 1115 0 7.5 7.5 0 01-15 0zM7 11V8H4V7h3V4h1v3h3v1H8v3H7z\" fill=\"currentColor\"><\/path><\/svg><\/span><span class=\"gb-headline-text\">MODALIDAD DE CURSADO.<\/span><\/h3>\n\n\n\n<ul class=\"wp-block-list\">\n<li>Contenidos y evaluaciones en CAMPUS virtual.<\/li>\n\n\n\n<li>Clases de consultas una vez por semana, a la tarde\/noche.<\/li>\n\n\n\n<li>Tutor\u00edas por ZOOM, tel\u00e9fono o email.<\/li>\n\n\n\n<li>Sin Asistencia obligatoria.<\/li>\n<\/ul>\n\n<\/div><\/div><\/div>\n<\/div>\n<\/div><\/div>\n<\/div><\/div>\n\n\n<div class=\"wp-block-group alignfull has-base-2-background-color has-text-color has-background\" style=\"color:#000000\"><div class=\"wp-block-group__inner-container is-layout-flow wp-block-group-is-layout-flow\">\n<p class=\"has-text-align-center has-small-font-size\" style=\"line-height:.9\"><strong>Es momento de poner tu futuro en marcha<\/strong><\/p>\n\n\n\n<h2 class=\"wp-block-heading has-text-align-center\" id=\"schedule-a-visit\" style=\"font-size:59px;line-height:1.15\"><strong>Termin\u00e1 tu secundario en SABER.<\/strong><\/h2>\n\n\n<div class=\"gb-container gb-container-9c5bad3f\">\n<div class=\"gb-container gb-container-090ff713\">\n<div class=\"gb-grid-wrapper gb-grid-wrapper-6465241b\">\n<div class=\"gb-grid-column gb-grid-column-9c81df1e\"><div class=\"gb-container gb-container-9c81df1e\">\n\n<a class=\"gb-button gb-button-39e42af8\" href=\"https:\/\/www.institutosaber.edu.ar\/bachillerato\/contacto-bachiller-online\/\"><span class=\"gb-icon\"><svg xmlns=\"http:\/\/www.w3.org\/2000\/svg\" viewBox=\"0 0 512 512\" width=\"1em\" height=\"1em\" aria-hidden=\"true\"><path d=\"M464 64H48C21.49 64 0 85.49 0 112v288c0 26.51 21.49 48 48 48h416c26.51 0 48-21.49 48-48V112c0-26.51-21.49-48-48-48zm0 48v40.805c-22.422 18.259-58.168 46.651-134.587 106.49-16.841 13.247-50.201 45.072-73.413 44.701-23.208.375-56.579-31.459-73.413-44.701C106.18 199.465 70.425 171.067 48 152.805V112h416zM48 400V214.398c22.914 18.251 55.409 43.862 104.938 82.646 21.857 17.205 60.134 55.186 103.062 54.955 42.717.231 80.509-37.199 103.053-54.947 49.528-38.783 82.032-64.401 104.947-82.653V400H48z\" fill=\"currentColor\"><\/path><\/svg><\/span><span class=\"gb-button-text\"> contacto<\/span><\/a>\n\n<\/div><\/div>\n\n<div class=\"gb-grid-column gb-grid-column-3cfcb9cf\"><div class=\"gb-container gb-container-3cfcb9cf\">\n\n<a class=\"gb-button gb-button-67882daa\" href=\"https:\/\/wa.link\/86wtwp\" target=\"_blank\" rel=\"noopener noreferrer\"><span class=\"gb-icon\"><svg aria-hidden=\"true\" role=\"img\" height=\"1em\" width=\"1em\" viewBox=\"0 0 448 512\" xmlns=\"http:\/\/www.w3.org\/2000\/svg\"><path fill=\"currentColor\" d=\"M380.9 97.1C339 55.1 283.2 32 223.9 32c-122.4 0-222 99.6-222 222 0 39.1 10.2 77.3 29.6 111L0 480l117.7-30.9c32.4 17.7 68.9 27 106.1 27h.1c122.3 0 224.1-99.6 224.1-222 0-59.3-25.2-115-67.1-157zm-157 341.6c-33.2 0-65.7-8.9-94-25.7l-6.7-4-69.8 18.3L72 359.2l-4.4-7c-18.5-29.4-28.2-63.3-28.2-98.2 0-101.7 82.8-184.5 184.6-184.5 49.3 0 95.6 19.2 130.4 54.1 34.8 34.9 56.2 81.2 56.1 130.5 0 101.8-84.9 184.6-186.6 184.6zm101.2-138.2c-5.5-2.8-32.8-16.2-37.9-18-5.1-1.9-8.8-2.8-12.5 2.8-3.7 5.6-14.3 18-17.6 21.8-3.2 3.7-6.5 4.2-12 1.4-32.6-16.3-54-29.1-75.5-66-5.7-9.8 5.7-9.1 16.3-30.3 1.8-3.7.9-6.9-.5-9.7-1.4-2.8-12.5-30.1-17.1-41.2-4.5-10.8-9.1-9.3-12.5-9.5-3.2-.2-6.9-.2-10.6-.2-3.7 0-9.7 1.4-14.8 6.9-5.1 5.6-19.4 19-19.4 46.3 0 27.3 19.9 53.7 22.6 57.4 2.8 3.7 39.1 59.7 94.8 83.8 35.2 15.2 49 16.5 66.6 13.9 10.7-1.6 32.8-13.4 37.4-26.4 4.6-13 4.6-24.1 3.2-26.4-1.3-2.5-5-3.9-10.5-6.6z\"><\/path><\/svg><\/span><span class=\"gb-button-text\">Whatsapp<\/span><\/a>\n\n<\/div><\/div>\n<\/div>\n<\/div>\n<\/div><\/div><\/div>\n\n\n\n<p><\/p>\n","protected":false},"excerpt":{"rendered":"<p>INFORMACI\u00d3N IMPORTANTE SOBRE EQUIVALENCIAS<\/p>\n","protected":false},"author":2,"featured_media":0,"parent":0,"menu_order":0,"comment_status":"closed","ping_status":"closed","template":"","meta":{"inline_featured_image":false,"footnotes":""},"class_list":["post-1772","page","type-page","status-publish"],"yoast_head":"<!-- This site is optimized with the Yoast SEO plugin v27.4 - https:\/\/yoast.com\/product\/yoast-seo-wordpress\/ -->\n<title>completar secundario en SABER<\/title>\n<meta name=\"description\" content=\"No pierdas tiempo contactanos, present\u00e1s las materias aprobadas y completar secundario. Tu Bachiller acelerado es en Instituto SABER.\" \/>\n<meta name=\"robots\" content=\"index, follow, max-snippet:-1, max-image-preview:large, max-video-preview:-1\" \/>\n<link rel=\"canonical\" href=\"https:\/\/www.institutosaber.edu.ar\/bachillerato\/completar-secundario\/\" \/>\n<meta property=\"og:locale\" content=\"es_ES\" \/>\n<meta property=\"og:type\" content=\"article\" \/>\n<meta property=\"og:title\" content=\"completar secundario en SABER\" \/>\n<meta property=\"og:description\" content=\"No pierdas tiempo contactanos, present\u00e1s las materias aprobadas y completar secundario. Tu Bachiller acelerado es en Instituto SABER.\" \/>\n<meta property=\"og:url\" content=\"https:\/\/www.institutosaber.edu.ar\/bachillerato\/completar-secundario\/\" \/>\n<meta property=\"og:site_name\" content=\"Bachiller Instituto SABER\" \/>\n<meta property=\"article:publisher\" content=\"https:\/\/www.facebook.com\/institutosaber.ar\" \/>\n<meta property=\"article:modified_time\" content=\"2026-02-23T12:54:25+00:00\" \/>\n<meta property=\"og:image\" content=\"https:\/\/www.institutosaber.edu.ar\/bachillerato\/wp-content\/uploads\/2022\/11\/Icono-1_-Plan-25.webp\" \/>\n\t<meta property=\"og:image:width\" content=\"226\" \/>\n\t<meta property=\"og:image:height\" content=\"232\" \/>\n\t<meta property=\"og:image:type\" content=\"image\/webp\" \/>\n<meta name=\"twitter:card\" content=\"summary_large_image\" \/>\n<meta name=\"twitter:site\" content=\"@Comunidadsaber\" \/>\n<meta name=\"twitter:label1\" content=\"Tiempo de lectura\" \/>\n\t<meta name=\"twitter:data1\" content=\"3 minutos\" \/>\n<script type=\"application\/ld+json\" class=\"yoast-schema-graph\">{\"@context\":\"https:\\\/\\\/schema.org\",\"@graph\":[{\"@type\":\"WebPage\",\"@id\":\"https:\\\/\\\/www.institutosaber.edu.ar\\\/bachillerato\\\/completar-secundario\\\/\",\"url\":\"https:\\\/\\\/www.institutosaber.edu.ar\\\/bachillerato\\\/completar-secundario\\\/\",\"name\":\"completar secundario en SABER\",\"isPartOf\":{\"@id\":\"https:\\\/\\\/www.institutosaber.edu.ar\\\/bachillerato\\\/#website\"},\"primaryImageOfPage\":{\"@id\":\"https:\\\/\\\/www.institutosaber.edu.ar\\\/bachillerato\\\/completar-secundario\\\/#primaryimage\"},\"image\":{\"@id\":\"https:\\\/\\\/www.institutosaber.edu.ar\\\/bachillerato\\\/completar-secundario\\\/#primaryimage\"},\"thumbnailUrl\":\"https:\\\/\\\/www.institutosaber.edu.ar\\\/bachillerato\\\/wp-content\\\/uploads\\\/2022\\\/11\\\/Icono-1_-Plan-25-150x150.webp\",\"datePublished\":\"2022-05-02T22:47:02+00:00\",\"dateModified\":\"2026-02-23T12:54:25+00:00\",\"description\":\"No pierdas tiempo contactanos, present\u00e1s las materias aprobadas y completar secundario. Tu Bachiller acelerado es en Instituto SABER.\",\"breadcrumb\":{\"@id\":\"https:\\\/\\\/www.institutosaber.edu.ar\\\/bachillerato\\\/completar-secundario\\\/#breadcrumb\"},\"inLanguage\":\"es\",\"potentialAction\":[{\"@type\":\"ReadAction\",\"target\":[\"https:\\\/\\\/www.institutosaber.edu.ar\\\/bachillerato\\\/completar-secundario\\\/\"]}]},{\"@type\":\"ImageObject\",\"inLanguage\":\"es\",\"@id\":\"https:\\\/\\\/www.institutosaber.edu.ar\\\/bachillerato\\\/completar-secundario\\\/#primaryimage\",\"url\":\"https:\\\/\\\/www.institutosaber.edu.ar\\\/bachillerato\\\/wp-content\\\/uploads\\\/2022\\\/11\\\/Icono-1_-Plan-25.webp\",\"contentUrl\":\"https:\\\/\\\/www.institutosaber.edu.ar\\\/bachillerato\\\/wp-content\\\/uploads\\\/2022\\\/11\\\/Icono-1_-Plan-25.webp\",\"width\":226,\"height\":232,\"caption\":\"\\\"\\\"\"},{\"@type\":\"BreadcrumbList\",\"@id\":\"https:\\\/\\\/www.institutosaber.edu.ar\\\/bachillerato\\\/completar-secundario\\\/#breadcrumb\",\"itemListElement\":[{\"@type\":\"ListItem\",\"position\":1,\"name\":\"Portada\",\"item\":\"https:\\\/\\\/www.institutosaber.edu.ar\\\/bachillerato\\\/\"},{\"@type\":\"ListItem\",\"position\":2,\"name\":\"completar secundario\"}]},{\"@type\":\"WebSite\",\"@id\":\"https:\\\/\\\/www.institutosaber.edu.ar\\\/bachillerato\\\/#website\",\"url\":\"https:\\\/\\\/www.institutosaber.edu.ar\\\/bachillerato\\\/\",\"name\":\"Bachiller Instituto SABER\",\"description\":\"Instituto Saber - Termina el secundario online\",\"publisher\":{\"@id\":\"https:\\\/\\\/www.institutosaber.edu.ar\\\/bachillerato\\\/#organization\"},\"potentialAction\":[{\"@type\":\"SearchAction\",\"target\":{\"@type\":\"EntryPoint\",\"urlTemplate\":\"https:\\\/\\\/www.institutosaber.edu.ar\\\/bachillerato\\\/?s={search_term_string}\"},\"query-input\":{\"@type\":\"PropertyValueSpecification\",\"valueRequired\":true,\"valueName\":\"search_term_string\"}}],\"inLanguage\":\"es\"},{\"@type\":\"Organization\",\"@id\":\"https:\\\/\\\/www.institutosaber.edu.ar\\\/bachillerato\\\/#organization\",\"name\":\"Bachiller Instituto SABER\",\"url\":\"https:\\\/\\\/www.institutosaber.edu.ar\\\/bachillerato\\\/\",\"logo\":{\"@type\":\"ImageObject\",\"inLanguage\":\"es\",\"@id\":\"https:\\\/\\\/www.institutosaber.edu.ar\\\/bachillerato\\\/#\\\/schema\\\/logo\\\/image\\\/\",\"url\":\"https:\\\/\\\/www.institutosaber.edu.ar\\\/bachillerato\\\/wp-content\\\/uploads\\\/2022\\\/10\\\/LogoSABERBachiller-Gris.webp\",\"contentUrl\":\"https:\\\/\\\/www.institutosaber.edu.ar\\\/bachillerato\\\/wp-content\\\/uploads\\\/2022\\\/10\\\/LogoSABERBachiller-Gris.webp\",\"width\":302,\"height\":107,\"caption\":\"Bachiller Instituto SABER\"},\"image\":{\"@id\":\"https:\\\/\\\/www.institutosaber.edu.ar\\\/bachillerato\\\/#\\\/schema\\\/logo\\\/image\\\/\"},\"sameAs\":[\"https:\\\/\\\/www.facebook.com\\\/institutosaber.ar\",\"https:\\\/\\\/x.com\\\/Comunidadsaber\",\"https:\\\/\\\/www.instagram.com\\\/institutosaber.ar\\\/\",\"https:\\\/\\\/www.youtube.com\\\/channel\\\/UCu7whMsW7UtjUuU4KTo5GAQ\",\"https:\\\/\\\/www.linkedin.com\\\/school\\\/institutosaber\\\/\"]}]}<\/script>\n<!-- \/ Yoast SEO plugin. -->","yoast_head_json":{"title":"completar secundario en SABER","description":"No pierdas tiempo contactanos, present\u00e1s las materias aprobadas y completar secundario. Tu Bachiller acelerado es en Instituto SABER.","robots":{"index":"index","follow":"follow","max-snippet":"max-snippet:-1","max-image-preview":"max-image-preview:large","max-video-preview":"max-video-preview:-1"},"canonical":"https:\/\/www.institutosaber.edu.ar\/bachillerato\/completar-secundario\/","og_locale":"es_ES","og_type":"article","og_title":"completar secundario en SABER","og_description":"No pierdas tiempo contactanos, present\u00e1s las materias aprobadas y completar secundario. Tu Bachiller acelerado es en Instituto SABER.","og_url":"https:\/\/www.institutosaber.edu.ar\/bachillerato\/completar-secundario\/","og_site_name":"Bachiller Instituto SABER","article_publisher":"https:\/\/www.facebook.com\/institutosaber.ar","article_modified_time":"2026-02-23T12:54:25+00:00","og_image":[{"width":226,"height":232,"url":"https:\/\/www.institutosaber.edu.ar\/bachillerato\/wp-content\/uploads\/2022\/11\/Icono-1_-Plan-25.webp","type":"image\/webp"}],"twitter_card":"summary_large_image","twitter_site":"@Comunidadsaber","twitter_misc":{"Tiempo de lectura":"3 minutos"},"schema":{"@context":"https:\/\/schema.org","@graph":[{"@type":"WebPage","@id":"https:\/\/www.institutosaber.edu.ar\/bachillerato\/completar-secundario\/","url":"https:\/\/www.institutosaber.edu.ar\/bachillerato\/completar-secundario\/","name":"completar secundario en SABER","isPartOf":{"@id":"https:\/\/www.institutosaber.edu.ar\/bachillerato\/#website"},"primaryImageOfPage":{"@id":"https:\/\/www.institutosaber.edu.ar\/bachillerato\/completar-secundario\/#primaryimage"},"image":{"@id":"https:\/\/www.institutosaber.edu.ar\/bachillerato\/completar-secundario\/#primaryimage"},"thumbnailUrl":"https:\/\/www.institutosaber.edu.ar\/bachillerato\/wp-content\/uploads\/2022\/11\/Icono-1_-Plan-25-150x150.webp","datePublished":"2022-05-02T22:47:02+00:00","dateModified":"2026-02-23T12:54:25+00:00","description":"No pierdas tiempo contactanos, present\u00e1s las materias aprobadas y completar secundario. Tu Bachiller acelerado es en Instituto SABER.","breadcrumb":{"@id":"https:\/\/www.institutosaber.edu.ar\/bachillerato\/completar-secundario\/#breadcrumb"},"inLanguage":"es","potentialAction":[{"@type":"ReadAction","target":["https:\/\/www.institutosaber.edu.ar\/bachillerato\/completar-secundario\/"]}]},{"@type":"ImageObject","inLanguage":"es","@id":"https:\/\/www.institutosaber.edu.ar\/bachillerato\/completar-secundario\/#primaryimage","url":"https:\/\/www.institutosaber.edu.ar\/bachillerato\/wp-content\/uploads\/2022\/11\/Icono-1_-Plan-25.webp","contentUrl":"https:\/\/www.institutosaber.edu.ar\/bachillerato\/wp-content\/uploads\/2022\/11\/Icono-1_-Plan-25.webp","width":226,"height":232,"caption":"\"\""},{"@type":"BreadcrumbList","@id":"https:\/\/www.institutosaber.edu.ar\/bachillerato\/completar-secundario\/#breadcrumb","itemListElement":[{"@type":"ListItem","position":1,"name":"Portada","item":"https:\/\/www.institutosaber.edu.ar\/bachillerato\/"},{"@type":"ListItem","position":2,"name":"completar secundario"}]},{"@type":"WebSite","@id":"https:\/\/www.institutosaber.edu.ar\/bachillerato\/#website","url":"https:\/\/www.institutosaber.edu.ar\/bachillerato\/","name":"Bachiller Instituto SABER","description":"Instituto Saber - Termina el secundario online","publisher":{"@id":"https:\/\/www.institutosaber.edu.ar\/bachillerato\/#organization"},"potentialAction":[{"@type":"SearchAction","target":{"@type":"EntryPoint","urlTemplate":"https:\/\/www.institutosaber.edu.ar\/bachillerato\/?s={search_term_string}"},"query-input":{"@type":"PropertyValueSpecification","valueRequired":true,"valueName":"search_term_string"}}],"inLanguage":"es"},{"@type":"Organization","@id":"https:\/\/www.institutosaber.edu.ar\/bachillerato\/#organization","name":"Bachiller Instituto SABER","url":"https:\/\/www.institutosaber.edu.ar\/bachillerato\/","logo":{"@type":"ImageObject","inLanguage":"es","@id":"https:\/\/www.institutosaber.edu.ar\/bachillerato\/#\/schema\/logo\/image\/","url":"https:\/\/www.institutosaber.edu.ar\/bachillerato\/wp-content\/uploads\/2022\/10\/LogoSABERBachiller-Gris.webp","contentUrl":"https:\/\/www.institutosaber.edu.ar\/bachillerato\/wp-content\/uploads\/2022\/10\/LogoSABERBachiller-Gris.webp","width":302,"height":107,"caption":"Bachiller Instituto SABER"},"image":{"@id":"https:\/\/www.institutosaber.edu.ar\/bachillerato\/#\/schema\/logo\/image\/"},"sameAs":["https:\/\/www.facebook.com\/institutosaber.ar","https:\/\/x.com\/Comunidadsaber","https:\/\/www.instagram.com\/institutosaber.ar\/","https:\/\/www.youtube.com\/channel\/UCu7whMsW7UtjUuU4KTo5GAQ","https:\/\/www.linkedin.com\/school\/institutosaber\/"]}]}},"_links":{"self":[{"href":"https:\/\/www.institutosaber.edu.ar\/bachillerato\/wp-json\/wp\/v2\/pages\/1772","targetHints":{"allow":["GET"]}}],"collection":[{"href":"https:\/\/www.institutosaber.edu.ar\/bachillerato\/wp-json\/wp\/v2\/pages"}],"about":[{"href":"https:\/\/www.institutosaber.edu.ar\/bachillerato\/wp-json\/wp\/v2\/types\/page"}],"author":[{"embeddable":true,"href":"https:\/\/www.institutosaber.edu.ar\/bachillerato\/wp-json\/wp\/v2\/users\/2"}],"replies":[{"embeddable":true,"href":"https:\/\/www.institutosaber.edu.ar\/bachillerato\/wp-json\/wp\/v2\/comments?post=1772"}],"version-history":[{"count":38,"href":"https:\/\/www.institutosaber.edu.ar\/bachillerato\/wp-json\/wp\/v2\/pages\/1772\/revisions"}],"predecessor-version":[{"id":4195,"href":"https:\/\/www.institutosaber.edu.ar\/bachillerato\/wp-json\/wp\/v2\/pages\/1772\/revisions\/4195"}],"wp:attachment":[{"href":"https:\/\/www.institutosaber.edu.ar\/bachillerato\/wp-json\/wp\/v2\/media?parent=1772"}],"curies":[{"name":"wp","href":"https:\/\/api.w.org\/{rel}","templated":true}]}}