{"id":47,"date":"2021-07-18T02:07:54","date_gmt":"2021-07-18T05:07:54","guid":{"rendered":"https:\/\/capital.wordifysites.com\/?page_id=47"},"modified":"2026-02-20T13:53:27","modified_gmt":"2026-02-20T16:53:27","slug":"contacto-bachiller-online","status":"publish","type":"page","link":"https:\/\/www.institutosaber.edu.ar\/bachillerato\/contacto-bachiller-online\/","title":{"rendered":"Contacto Bachiller online"},"content":{"rendered":"<div class=\"gb-container gb-container-9c323e47\"><div class=\"gb-inside-container\">\n\n<h2 class=\"gb-headline gb-headline-7999f772 gb-headline-text\">Tu futuro Inicia en SABER<\/h2>\n\n\n\n<h2 class=\"gb-headline gb-headline-8779dfe4\"><span class=\"gb-icon\"><svg viewBox=\"0 0 36.7 3\" xmlns=\"http:\/\/www.w3.org\/2000\/svg\"><path d=\"M0 0h36.7v3H0z\"><\/path><\/svg><\/span><\/h2>\n\n\n\n<p class=\"has-text-align-center\">Por consultas generales e inscripciones, complet\u00e1 el siguiente formulario.<br>Es <strong>IMPORTANTE<\/strong> que selecciones el campo inicial, para recibir un buen asesoramiento.<\/p>\n\n\n<div class=\"gb-container gb-container-932b5e47\"><div class=\"gb-inside-container\">\n\n<div class=\"wp-block-columns is-layout-flex wp-container-core-columns-is-layout-9d6595d7 wp-block-columns-is-layout-flex\">\n<div class=\"wp-block-column is-layout-flow wp-block-column-is-layout-flow\">\n<figure class=\"wp-block-image size-large is-resized\"><a href=\"https:\/\/www.institutosaber.edu.ar\/wp-content\/uploads\/2022\/05\/ConsultaSABER-FORMULARIO-GENERAl.webp\"><img decoding=\"async\" width=\"819\" height=\"1024\" src=\"https:\/\/www.institutosaber.edu.ar\/wp-content\/uploads\/2022\/05\/ConsultaSABER-FORMULARIO-GENERAl-819x1024.webp\" alt=\"Contacto Instituto Saber\" class=\"wp-image-2375\" style=\"width:410px;height:512px\" srcset=\"https:\/\/www.institutosaber.edu.ar\/bachillerato\/wp-content\/uploads\/2022\/05\/ConsultaSABER-FORMULARIO-GENERAl-819x1024.webp 819w, https:\/\/www.institutosaber.edu.ar\/bachillerato\/wp-content\/uploads\/2022\/05\/ConsultaSABER-FORMULARIO-GENERAl-240x300.webp 240w, https:\/\/www.institutosaber.edu.ar\/bachillerato\/wp-content\/uploads\/2022\/05\/ConsultaSABER-FORMULARIO-GENERAl-768x960.webp 768w, https:\/\/www.institutosaber.edu.ar\/bachillerato\/wp-content\/uploads\/2022\/05\/ConsultaSABER-FORMULARIO-GENERAl.webp 960w\" sizes=\"(max-width: 819px) 100vw, 819px\" \/><\/a><\/figure>\n<\/div>\n\n\n\n<div class=\"wp-block-column is-layout-flow wp-block-column-is-layout-flow\"><div class=\"gb-container gb-container-1ab27cad\"><div class=\"gb-inside-container\">\n\n<div class=\"wpcf7 no-js\" id=\"wpcf7-f1861-o1\" lang=\"es-ES\" dir=\"ltr\" data-wpcf7-id=\"1861\">\n<div class=\"screen-reader-response\"><p role=\"status\" aria-live=\"polite\" aria-atomic=\"true\"><\/p> <ul><\/ul><\/div>\n<form action=\"\/bachillerato\/wp-json\/wp\/v2\/pages\/47#wpcf7-f1861-o1\" method=\"post\" class=\"wpcf7-form init\" aria-label=\"Formulario de contacto\" novalidate=\"novalidate\" data-status=\"init\">\n<fieldset class=\"hidden-fields-container\"><input type=\"hidden\" name=\"_wpcf7\" value=\"1861\" \/><input type=\"hidden\" name=\"_wpcf7_version\" value=\"6.1.5\" \/><input type=\"hidden\" name=\"_wpcf7_locale\" value=\"es_ES\" \/><input type=\"hidden\" name=\"_wpcf7_unit_tag\" value=\"wpcf7-f1861-o1\" \/><input type=\"hidden\" name=\"_wpcf7_container_post\" value=\"0\" \/><input type=\"hidden\" name=\"_wpcf7_posted_data_hash\" value=\"\" \/><input type=\"hidden\" name=\"_wpcf7_recaptcha_response\" value=\"\" \/>\n<\/fieldset>\n<p><label style=\"color:#FFF\"> Nombre y Apellido*<br \/>\n<span class=\"wpcf7-form-control-wrap\" data-name=\"Nombre\"><input size=\"40\" maxlength=\"400\" class=\"wpcf7-form-control wpcf7-text wpcf7-validates-as-required\" aria-required=\"true\" aria-invalid=\"false\" value=\"\" type=\"text\" name=\"Nombre\" \/><\/span> <\/label>\n<\/p>\n<p><label style=\"color:#FFF\"> Tu correo electr\u00f3nico*<br \/>\n<span class=\"wpcf7-form-control-wrap\" data-name=\"email\"><input size=\"40\" maxlength=\"400\" class=\"wpcf7-form-control wpcf7-email wpcf7-validates-as-required wpcf7-text wpcf7-validates-as-email\" aria-required=\"true\" aria-invalid=\"false\" value=\"\" type=\"email\" name=\"email\" \/><\/span> <\/label>\n<\/p>\n<p><label style=\"color:#FFF\"> Celular sin el 0 ni el 15 (ej. 351 5 113565) **<br \/>\n<span class=\"wpcf7-form-control-wrap\" data-name=\"Celular\"><input size=\"40\" maxlength=\"400\" class=\"wpcf7-form-control wpcf7-text wpcf7-validates-as-required\" aria-required=\"true\" aria-invalid=\"false\" value=\"\" type=\"text\" name=\"Celular\" \/><\/span> <\/label>\n<\/p>\n<p><label style=\"color:#FFF\"> Provincia*<br \/>\n<span class=\"wpcf7-form-control-wrap\" data-name=\"Provincia\"><select class=\"wpcf7-form-control wpcf7-select wpcf7-validates-as-required\" aria-required=\"true\" aria-invalid=\"false\" name=\"Provincia\"><option value=\"\">&#8212;Por favor, elige una opci\u00f3n&#8212;<\/option><option value=\"Buenos Aires\">Buenos Aires<\/option><option value=\"Buenos Aires Capital\">Buenos Aires Capital<\/option><option value=\"Catamarca\">Catamarca<\/option><option value=\"Chaco\">Chaco<\/option><option value=\"Chubut\">Chubut<\/option><option value=\"Cordoba\">Cordoba<\/option><option value=\"Corrientes\">Corrientes<\/option><option value=\"Entre Rios\">Entre Rios<\/option><option value=\"Formosa\">Formosa<\/option><option value=\"Jujuy\">Jujuy<\/option><option value=\"La Pampa\">La Pampa<\/option><option value=\"La Rioja\">La Rioja<\/option><option value=\"Mendoza\">Mendoza<\/option><option value=\"Misiones\">Misiones<\/option><option value=\"Neuquen\">Neuquen<\/option><option value=\"Rio Negro\">Rio Negro<\/option><option value=\"Salta\">Salta<\/option><option value=\"San Juan\">San Juan<\/option><option value=\"San Luis\">San Luis<\/option><option value=\"Santa Cruz\">Santa Cruz<\/option><option value=\"Santa Fe\">Santa Fe<\/option><option value=\"Santiago del Estero\">Santiago del Estero<\/option><option value=\"Tierra del Fuego\">Tierra del Fuego<\/option><option value=\"Tucuman\">Tucuman<\/option><\/select><\/span><\/label>\n<\/p>\n<p><label style=\"color:#FFF\"> Localidad<br \/>\n<span class=\"wpcf7-form-control-wrap\" data-name=\"localidad\"><input size=\"40\" maxlength=\"400\" class=\"wpcf7-form-control wpcf7-text\" aria-invalid=\"false\" value=\"\" type=\"text\" name=\"localidad\" \/><\/span> <\/label>\n<\/p>\n<p><label style=\"color:#FFF\" for=\"como-llego\">\u00bfC\u00f3mo nos conociste?<\/label><br \/>\n<span class=\"wpcf7-form-control-wrap\" data-name=\"como-llego\"><select class=\"wpcf7-form-control wpcf7-select wpcf7-validates-as-required\" aria-required=\"true\" aria-invalid=\"false\" name=\"como-llego\"><option value=\"Navegando por la web\">Navegando por la web<\/option><option value=\"Redes Sociales (Instagram, Facebook, LinkedIn, otra)\">Redes Sociales (Instagram, Facebook, LinkedIn, otra)<\/option><option value=\"Me lo recomend\u00f3 un conocido\/familiar\">Me lo recomend\u00f3 un conocido\/familiar<\/option><option value=\"Me lleg\u00f3 un e-mail\">Me lleg\u00f3 un e-mail<\/option><option value=\"V\u00eda P\u00fablica\">V\u00eda P\u00fablica<\/option><option value=\"Otra\">Otra<\/option><\/select><\/span>\n<\/p>\n<p><label style=\"color:#FFF\"> Consulta<br \/>\n<span class=\"wpcf7-form-control-wrap\" data-name=\"Consulta\"><textarea cols=\"40\" rows=\"10\" maxlength=\"2000\" class=\"wpcf7-form-control wpcf7-textarea\" aria-invalid=\"false\" name=\"Consulta\"><\/textarea><\/span> <\/label>\n<\/p>\n<p><label style=\"color:#FFF\">Horario de Contacto:<br \/>\n<span class=\"wpcf7-form-control-wrap\" data-name=\"horario\"><span class=\"wpcf7-form-control wpcf7-radio\"><span class=\"wpcf7-list-item first\"><label><input type=\"radio\" name=\"horario\" value=\"de 9.30hs a 14.00hs\" checked=\"checked\" \/><span class=\"wpcf7-list-item-label\">de 9.30hs a 14.00hs<\/span><\/label><\/span><span class=\"wpcf7-list-item last\"><label><input type=\"radio\" name=\"horario\" value=\"de 15.00hs a 19.00hs\" \/><span class=\"wpcf7-list-item-label\">de 15.00hs a 19.00hs<\/span><\/label><\/span><\/span><\/span> <\/label>\n<\/p>\n<p><label><br \/>\n<\/label>\n<\/p>\n<p><input class=\"wpcf7-form-control wpcf7-submit has-spinner\" type=\"submit\" value=\"Enviar consulta\" \/>\n<\/p><div class=\"wpcf7-response-output\" aria-hidden=\"true\"><\/div>\n<\/form>\n<\/div>\n\n\n<\/div><\/div><\/div>\n<\/div>\n\n<\/div><\/div>\n<\/div><\/div>\n\n<div class=\"gb-container gb-container-2f700e7f\"><div class=\"gb-inside-container\">\n<div class=\"gb-grid-wrapper gb-grid-wrapper-75b32420\">\n<div class=\"gb-grid-column gb-grid-column-78671382\"><div class=\"gb-container gb-container-78671382\"><div class=\"gb-inside-container\">\n\n<iframe src=\"https:\/\/www.google.com\/maps\/embed?pb=!1m18!1m12!1m3!1d17158.25813346819!2d-64.18686533938258!3d-31.42432385121905!2m3!1f0!2f0!3f0!3m2!1i1024!2i768!4f13.1!3m3!1m2!1s0x9432a29ae9a41783%3A0x35c5812e454d8046!2sBlvd.%20Chacabuco%20326%2C%20X5000%20IID%2C%20C%C3%B3rdoba!5e0!3m2!1ses-419!2sar!4v1651765311674!5m2!1ses-419!2sar\" width=\"600\" height=\"450\" style=\"border:0;\" allowfullscreen=\"\" loading=\"lazy\" referrerpolicy=\"no-referrer-when-downgrade\"><\/iframe>\n\n<\/div><\/div><\/div>\n\n<div class=\"gb-grid-column gb-grid-column-d5af91d3\"><div class=\"gb-container gb-container-d5af91d3\"><div class=\"gb-inside-container\">\n\n<h6 class=\"gb-headline gb-headline-7fdc32dc heading-icon-reversed\"><span class=\"gb-icon\"><svg viewBox=\"0 0 612 612\" xmlns=\"http:\/\/www.w3.org\/2000\/svg\"><path d=\"M0 287.468h612v37.064H0z\"><\/path><\/svg><\/span><span class=\"gb-headline-text\">Contactanos<\/span><\/h6>\n\n\n\n<h1 class=\"gb-headline gb-headline-d07c52b5 gb-headline-text\">Ubicaci\u00f3n<\/h1>\n\n\n\n<p class=\"has-contrast-2-color has-text-color\">La ciudad de C\u00f3rdoba es un punto de convergencia para las ciudades y provincias aleda\u00f1as, constituy\u00e9ndose en el principal polo industrial, tur\u00edstico y universitario del centro del pa\u00eds. Es el segundo centro urbano m\u00e1s importante de Argentina.<\/p>\n\n\n\n<p class=\"has-contrast-2-color has-text-color\">SABER est\u00e1 ubicado estrat\u00e9gicamente sobre Bv. Chacabuco, una de las avenidas principales de ingreso de la ciudad de C\u00f3rdoba, a s\u00f3lo cinco cuadra de Patio Olmos de la Terminal de \u00d3mnibus y a una cuadra de Barrio Nueva C\u00f3rdoba, la zona con mayor poblaci\u00f3n estudiantil de la capital.<\/p>\n\n\n\n<p class=\"gb-headline gb-headline-8df5ae0d\"><span class=\"gb-icon\"><svg viewBox=\"0 0 512 512\" xmlns=\"http:\/\/www.w3.org\/2000\/svg\"><path d=\"M232.484 390.324c-3.902 3.899-3.902 10.23 0 14.137 3.91 3.902 10.239 3.902 14.137 0 3.91-3.906 3.91-10.238 0-14.137-3.898-3.91-10.226-3.91-14.137 0zm0 0\"><\/path><path d=\"M488.918 372.957l-75.922-64.559c-.351-.296-.723-.57-1.11-.816-19.917-12.68-45.491-9.871-62.19 6.824l-41.395 41.39a9.975 9.975 0 01-10.895 2.173c-46.742-19.336-85.14-48.446-114.129-86.512-22.105-29.027-30.074-52.094-31.125-55.344a9.938 9.938 0 00-.605-2.062 9.949 9.949 0 012.172-10.887l41.39-41.402c16.7-16.7 19.504-42.274 6.825-62.192-.102-.16-.207-.316-.317-.472L146.79 22.906C129.54-3.855 91.965-7.898 69.414 14.648l-8.289 8.29a.047.047 0 01-.02.019L31.512 52.551C-3.778 87.844-9.551 140.875 14.82 205.92c20.875 55.72 62.664 116.7 117.668 171.704 56.305 56.305 118.934 98.867 176.348 119.848 56.828 20.761 117.277 23.32 160.062-19.47l27.91-27.905c22.45-22.453 18.532-59.782-7.89-77.141zm-88.313-48.848l75.856 64.504c.348.297.719.57 1.105.817 16.204 10.316 18.657 32.972 5.098 46.527l-2.07 2.074-129.38-96.867 12.622-12.617c9.863-9.867 24.894-11.652 36.77-4.438zM130.082 33.895c.102.16.207.32.316.472l54.805 76.164c7.445 11.918 5.723 27.133-4.234 37.09l-12.23 12.234L81.206 31.137l2.348-2.348c13.613-13.613 36.25-11.039 46.527 5.106zm185.613 444.793c-54.734-20-114.777-60.915-169.066-115.204-53.031-53.027-93.191-111.476-113.086-164.578-14.934-39.86-24.953-95.152 12.11-132.21l21.16-21.165 87.53 128.719-14.761 14.77a29.88 29.88 0 00-6.848 31.835c3.157 12.954 17.68 39.84 32.332 59.653 21.563 29.156 60.7 69.465 124.696 95.941 11.246 4.653 24.07 2.098 32.68-6.508l14.488-14.492 129.379 96.867-11.551 11.547c-39.73 39.735-97.551 29.992-139.063 14.824zm0 0\"><\/path><path d=\"M213.719 366.45c-10.563-9.262-28.832-25.192-38.453-35.09-23.594-24.247-48.348-53.637-63.067-74.872-3.144-4.539-9.375-5.672-13.914-2.523-4.539 3.144-5.668 9.375-2.523 13.914 18.562 26.781 45.836 57.555 65.168 77.422 10.156 10.453 28.582 26.523 39.601 36.183 4.145 3.633 10.461 3.235 14.114-.925 3.64-4.149 3.226-10.47-.926-14.11zm0 0\"><\/path><\/svg><\/span><span class=\"gb-headline-text\">Fijo: <mark class=\"gb-highlight\">+<a href=\"tel:+122 4637 3456\" target=\"_blank\" rel=\"noreferrer noopener\">351 421 7500<\/a><\/mark><\/span><\/p>\n\n\n\n<p class=\"gb-headline gb-headline-be4a6043\"><span class=\"gb-icon\"><svg viewBox=\"0 0 512 512\" xmlns=\"http:\/\/www.w3.org\/2000\/svg\"><path d=\"M467 61H45C20.218 61 0 81.196 0 106v300c0 24.72 20.128 45 45 45h422c24.72 0 45-20.128 45-45V106c0-24.72-20.128-45-45-45zm-6.214 30L256.954 294.833 51.359 91h409.427zM30 399.788V112.069l144.479 143.24L30 399.788zM51.213 421l144.57-144.57 50.657 50.222c5.864 5.814 15.327 5.795 21.167-.046L317 277.213 460.787 421H51.213zM482 399.787L338.213 256 482 112.212v287.575z\"><\/path><\/svg><\/span><span class=\"gb-headline-text\"><a href=\"mailto:hello@capital.com\" target=\"_blank\" rel=\"noreferrer noopener\">info@institutosaber.edu.ar<\/a><\/span><\/p>\n\n\n\n<p class=\"gb-headline gb-headline-cca806dc\"><span class=\"gb-icon\"><svg viewBox=\"0 0 512 512\" xmlns=\"http:\/\/www.w3.org\/2000\/svg\"><path d=\"M256 0C156.748 0 76 80.748 76 180c0 33.534 9.289 66.26 26.869 94.652l142.885 230.257A15 15 0 00258.499 512h.119a14.997 14.997 0 0012.75-7.292L410.611 272.22C427.221 244.428 436 212.539 436 180 436 80.748 355.252 0 256 0zm128.866 256.818L258.272 468.186l-129.905-209.34C113.734 235.214 105.8 207.95 105.8 180c0-82.71 67.49-150.2 150.2-150.2S406.1 97.29 406.1 180c0 27.121-7.411 53.688-21.234 76.818z\"><\/path><path d=\"M256 90c-49.626 0-90 40.374-90 90 0 49.309 39.717 90 90 90 50.903 0 90-41.233 90-90 0-49.626-40.374-90-90-90zm0 150.2c-33.257 0-60.2-27.033-60.2-60.2 0-33.084 27.116-60.2 60.2-60.2s60.1 27.116 60.1 60.2c0 32.683-26.316 60.2-60.1 60.2z\"><\/path><\/svg><\/span><span class=\"gb-headline-text\">Av. Chacabuco 326 (X5000IIQ)<br>C\u00f3rdoba &#8211; Argentina.<\/span><\/p>\n\n<\/div><\/div><\/div>\n<\/div>\n<\/div><\/div>\n\n\n<p><\/p>\n","protected":false},"excerpt":{"rendered":"<p>Tu futuro Inicia en SABER Por consultas generales e inscripciones, complet\u00e1 el siguiente formulario.Es IMPORTANTE que selecciones el campo inicial, para recibir un buen asesoramiento.<\/p>\n","protected":false},"author":2,"featured_media":0,"parent":0,"menu_order":0,"comment_status":"closed","ping_status":"closed","template":"","meta":{"inline_featured_image":false,"footnotes":""},"class_list":["post-47","page","type-page","status-publish"],"yoast_head":"<!-- This site is optimized with the Yoast SEO plugin v27.5 - https:\/\/yoast.com\/product\/yoast-seo-wordpress\/ -->\n<title>Contacto Bachiller online - Bachiller Instituto SABER<\/title>\n<meta name=\"description\" content=\"Contacto Bachiller online. Estudi\u00e1 en Instituto SABER. Evolucionamos el bachillerato a distancia con una propuesta \u00danica.\" \/>\n<meta name=\"robots\" content=\"index, follow, max-snippet:-1, max-image-preview:large, max-video-preview:-1\" \/>\n<link rel=\"canonical\" href=\"https:\/\/www.institutosaber.edu.ar\/bachillerato\/contacto-bachiller-online\/\" \/>\n<meta property=\"og:locale\" content=\"es_ES\" \/>\n<meta property=\"og:type\" content=\"article\" \/>\n<meta property=\"og:title\" content=\"Contacto Bachiller online - Bachiller Instituto SABER\" \/>\n<meta property=\"og:description\" content=\"Contacto Bachiller online. Estudi\u00e1 en Instituto SABER. Evolucionamos el bachillerato a distancia con una propuesta \u00danica.\" \/>\n<meta property=\"og:url\" content=\"https:\/\/www.institutosaber.edu.ar\/bachillerato\/contacto-bachiller-online\/\" \/>\n<meta property=\"og:site_name\" content=\"Bachiller Instituto SABER\" \/>\n<meta property=\"article:publisher\" content=\"https:\/\/www.facebook.com\/institutosaber.ar\" \/>\n<meta property=\"article:modified_time\" content=\"2026-02-20T16:53:27+00:00\" \/>\n<meta property=\"og:image\" content=\"https:\/\/www.institutosaber.edu.ar\/bachillerato\/wp-content\/uploads\/2022\/05\/ConsultaSABER-FORMULARIO-GENERAl.webp\" \/>\n\t<meta property=\"og:image:width\" content=\"960\" \/>\n\t<meta property=\"og:image:height\" content=\"1200\" \/>\n\t<meta property=\"og:image:type\" content=\"image\/webp\" \/>\n<meta name=\"twitter:card\" content=\"summary_large_image\" \/>\n<meta name=\"twitter:site\" content=\"@Comunidadsaber\" \/>\n<meta name=\"twitter:label1\" content=\"Tiempo de lectura\" \/>\n\t<meta name=\"twitter:data1\" content=\"1 minuto\" \/>\n<script type=\"application\/ld+json\" class=\"yoast-schema-graph\">{\"@context\":\"https:\\\/\\\/schema.org\",\"@graph\":[{\"@type\":\"WebPage\",\"@id\":\"https:\\\/\\\/www.institutosaber.edu.ar\\\/bachillerato\\\/contacto-bachiller-online\\\/\",\"url\":\"https:\\\/\\\/www.institutosaber.edu.ar\\\/bachillerato\\\/contacto-bachiller-online\\\/\",\"name\":\"Contacto Bachiller online - Bachiller Instituto SABER\",\"isPartOf\":{\"@id\":\"https:\\\/\\\/www.institutosaber.edu.ar\\\/bachillerato\\\/#website\"},\"primaryImageOfPage\":{\"@id\":\"https:\\\/\\\/www.institutosaber.edu.ar\\\/bachillerato\\\/contacto-bachiller-online\\\/#primaryimage\"},\"image\":{\"@id\":\"https:\\\/\\\/www.institutosaber.edu.ar\\\/bachillerato\\\/contacto-bachiller-online\\\/#primaryimage\"},\"thumbnailUrl\":\"https:\\\/\\\/www.institutosaber.edu.ar\\\/wp-content\\\/uploads\\\/2022\\\/05\\\/ConsultaSABER-FORMULARIO-GENERAl-819x1024.webp\",\"datePublished\":\"2021-07-18T05:07:54+00:00\",\"dateModified\":\"2026-02-20T16:53:27+00:00\",\"description\":\"Contacto Bachiller online. Estudi\u00e1 en Instituto SABER. Evolucionamos el bachillerato a distancia con una propuesta \u00danica.\",\"breadcrumb\":{\"@id\":\"https:\\\/\\\/www.institutosaber.edu.ar\\\/bachillerato\\\/contacto-bachiller-online\\\/#breadcrumb\"},\"inLanguage\":\"es\",\"potentialAction\":[{\"@type\":\"ReadAction\",\"target\":[\"https:\\\/\\\/www.institutosaber.edu.ar\\\/bachillerato\\\/contacto-bachiller-online\\\/\"]}]},{\"@type\":\"ImageObject\",\"inLanguage\":\"es\",\"@id\":\"https:\\\/\\\/www.institutosaber.edu.ar\\\/bachillerato\\\/contacto-bachiller-online\\\/#primaryimage\",\"url\":\"https:\\\/\\\/www.institutosaber.edu.ar\\\/wp-content\\\/uploads\\\/2022\\\/05\\\/ConsultaSABER-FORMULARIO-GENERAl-819x1024.webp\",\"contentUrl\":\"https:\\\/\\\/www.institutosaber.edu.ar\\\/wp-content\\\/uploads\\\/2022\\\/05\\\/ConsultaSABER-FORMULARIO-GENERAl-819x1024.webp\"},{\"@type\":\"BreadcrumbList\",\"@id\":\"https:\\\/\\\/www.institutosaber.edu.ar\\\/bachillerato\\\/contacto-bachiller-online\\\/#breadcrumb\",\"itemListElement\":[{\"@type\":\"ListItem\",\"position\":1,\"name\":\"Portada\",\"item\":\"https:\\\/\\\/www.institutosaber.edu.ar\\\/bachillerato\\\/\"},{\"@type\":\"ListItem\",\"position\":2,\"name\":\"Contacto Bachiller online\"}]},{\"@type\":\"WebSite\",\"@id\":\"https:\\\/\\\/www.institutosaber.edu.ar\\\/bachillerato\\\/#website\",\"url\":\"https:\\\/\\\/www.institutosaber.edu.ar\\\/bachillerato\\\/\",\"name\":\"Bachiller Instituto SABER\",\"description\":\"Instituto Saber - Termina el secundario online\",\"publisher\":{\"@id\":\"https:\\\/\\\/www.institutosaber.edu.ar\\\/bachillerato\\\/#organization\"},\"potentialAction\":[{\"@type\":\"SearchAction\",\"target\":{\"@type\":\"EntryPoint\",\"urlTemplate\":\"https:\\\/\\\/www.institutosaber.edu.ar\\\/bachillerato\\\/?s={search_term_string}\"},\"query-input\":{\"@type\":\"PropertyValueSpecification\",\"valueRequired\":true,\"valueName\":\"search_term_string\"}}],\"inLanguage\":\"es\"},{\"@type\":\"Organization\",\"@id\":\"https:\\\/\\\/www.institutosaber.edu.ar\\\/bachillerato\\\/#organization\",\"name\":\"Bachiller Instituto SABER\",\"url\":\"https:\\\/\\\/www.institutosaber.edu.ar\\\/bachillerato\\\/\",\"logo\":{\"@type\":\"ImageObject\",\"inLanguage\":\"es\",\"@id\":\"https:\\\/\\\/www.institutosaber.edu.ar\\\/bachillerato\\\/#\\\/schema\\\/logo\\\/image\\\/\",\"url\":\"https:\\\/\\\/www.institutosaber.edu.ar\\\/bachillerato\\\/wp-content\\\/uploads\\\/2022\\\/10\\\/LogoSABERBachiller-Gris.webp\",\"contentUrl\":\"https:\\\/\\\/www.institutosaber.edu.ar\\\/bachillerato\\\/wp-content\\\/uploads\\\/2022\\\/10\\\/LogoSABERBachiller-Gris.webp\",\"width\":302,\"height\":107,\"caption\":\"Bachiller Instituto SABER\"},\"image\":{\"@id\":\"https:\\\/\\\/www.institutosaber.edu.ar\\\/bachillerato\\\/#\\\/schema\\\/logo\\\/image\\\/\"},\"sameAs\":[\"https:\\\/\\\/www.facebook.com\\\/institutosaber.ar\",\"https:\\\/\\\/x.com\\\/Comunidadsaber\",\"https:\\\/\\\/www.instagram.com\\\/institutosaber.ar\\\/\",\"https:\\\/\\\/www.youtube.com\\\/channel\\\/UCu7whMsW7UtjUuU4KTo5GAQ\",\"https:\\\/\\\/www.linkedin.com\\\/school\\\/institutosaber\\\/\"]}]}<\/script>\n<!-- \/ Yoast SEO plugin. -->","yoast_head_json":{"title":"Contacto Bachiller online - Bachiller Instituto SABER","description":"Contacto Bachiller online. Estudi\u00e1 en Instituto SABER. Evolucionamos el bachillerato a distancia con una propuesta \u00danica.","robots":{"index":"index","follow":"follow","max-snippet":"max-snippet:-1","max-image-preview":"max-image-preview:large","max-video-preview":"max-video-preview:-1"},"canonical":"https:\/\/www.institutosaber.edu.ar\/bachillerato\/contacto-bachiller-online\/","og_locale":"es_ES","og_type":"article","og_title":"Contacto Bachiller online - Bachiller Instituto SABER","og_description":"Contacto Bachiller online. Estudi\u00e1 en Instituto SABER. Evolucionamos el bachillerato a distancia con una propuesta \u00danica.","og_url":"https:\/\/www.institutosaber.edu.ar\/bachillerato\/contacto-bachiller-online\/","og_site_name":"Bachiller Instituto SABER","article_publisher":"https:\/\/www.facebook.com\/institutosaber.ar","article_modified_time":"2026-02-20T16:53:27+00:00","og_image":[{"width":960,"height":1200,"url":"https:\/\/www.institutosaber.edu.ar\/bachillerato\/wp-content\/uploads\/2022\/05\/ConsultaSABER-FORMULARIO-GENERAl.webp","type":"image\/webp"}],"twitter_card":"summary_large_image","twitter_site":"@Comunidadsaber","twitter_misc":{"Tiempo de lectura":"1 minuto"},"schema":{"@context":"https:\/\/schema.org","@graph":[{"@type":"WebPage","@id":"https:\/\/www.institutosaber.edu.ar\/bachillerato\/contacto-bachiller-online\/","url":"https:\/\/www.institutosaber.edu.ar\/bachillerato\/contacto-bachiller-online\/","name":"Contacto Bachiller online - Bachiller Instituto SABER","isPartOf":{"@id":"https:\/\/www.institutosaber.edu.ar\/bachillerato\/#website"},"primaryImageOfPage":{"@id":"https:\/\/www.institutosaber.edu.ar\/bachillerato\/contacto-bachiller-online\/#primaryimage"},"image":{"@id":"https:\/\/www.institutosaber.edu.ar\/bachillerato\/contacto-bachiller-online\/#primaryimage"},"thumbnailUrl":"https:\/\/www.institutosaber.edu.ar\/wp-content\/uploads\/2022\/05\/ConsultaSABER-FORMULARIO-GENERAl-819x1024.webp","datePublished":"2021-07-18T05:07:54+00:00","dateModified":"2026-02-20T16:53:27+00:00","description":"Contacto Bachiller online. Estudi\u00e1 en Instituto SABER. Evolucionamos el bachillerato a distancia con una propuesta \u00danica.","breadcrumb":{"@id":"https:\/\/www.institutosaber.edu.ar\/bachillerato\/contacto-bachiller-online\/#breadcrumb"},"inLanguage":"es","potentialAction":[{"@type":"ReadAction","target":["https:\/\/www.institutosaber.edu.ar\/bachillerato\/contacto-bachiller-online\/"]}]},{"@type":"ImageObject","inLanguage":"es","@id":"https:\/\/www.institutosaber.edu.ar\/bachillerato\/contacto-bachiller-online\/#primaryimage","url":"https:\/\/www.institutosaber.edu.ar\/wp-content\/uploads\/2022\/05\/ConsultaSABER-FORMULARIO-GENERAl-819x1024.webp","contentUrl":"https:\/\/www.institutosaber.edu.ar\/wp-content\/uploads\/2022\/05\/ConsultaSABER-FORMULARIO-GENERAl-819x1024.webp"},{"@type":"BreadcrumbList","@id":"https:\/\/www.institutosaber.edu.ar\/bachillerato\/contacto-bachiller-online\/#breadcrumb","itemListElement":[{"@type":"ListItem","position":1,"name":"Portada","item":"https:\/\/www.institutosaber.edu.ar\/bachillerato\/"},{"@type":"ListItem","position":2,"name":"Contacto Bachiller online"}]},{"@type":"WebSite","@id":"https:\/\/www.institutosaber.edu.ar\/bachillerato\/#website","url":"https:\/\/www.institutosaber.edu.ar\/bachillerato\/","name":"Bachiller Instituto SABER","description":"Instituto Saber - Termina el secundario online","publisher":{"@id":"https:\/\/www.institutosaber.edu.ar\/bachillerato\/#organization"},"potentialAction":[{"@type":"SearchAction","target":{"@type":"EntryPoint","urlTemplate":"https:\/\/www.institutosaber.edu.ar\/bachillerato\/?s={search_term_string}"},"query-input":{"@type":"PropertyValueSpecification","valueRequired":true,"valueName":"search_term_string"}}],"inLanguage":"es"},{"@type":"Organization","@id":"https:\/\/www.institutosaber.edu.ar\/bachillerato\/#organization","name":"Bachiller Instituto SABER","url":"https:\/\/www.institutosaber.edu.ar\/bachillerato\/","logo":{"@type":"ImageObject","inLanguage":"es","@id":"https:\/\/www.institutosaber.edu.ar\/bachillerato\/#\/schema\/logo\/image\/","url":"https:\/\/www.institutosaber.edu.ar\/bachillerato\/wp-content\/uploads\/2022\/10\/LogoSABERBachiller-Gris.webp","contentUrl":"https:\/\/www.institutosaber.edu.ar\/bachillerato\/wp-content\/uploads\/2022\/10\/LogoSABERBachiller-Gris.webp","width":302,"height":107,"caption":"Bachiller Instituto SABER"},"image":{"@id":"https:\/\/www.institutosaber.edu.ar\/bachillerato\/#\/schema\/logo\/image\/"},"sameAs":["https:\/\/www.facebook.com\/institutosaber.ar","https:\/\/x.com\/Comunidadsaber","https:\/\/www.instagram.com\/institutosaber.ar\/","https:\/\/www.youtube.com\/channel\/UCu7whMsW7UtjUuU4KTo5GAQ","https:\/\/www.linkedin.com\/school\/institutosaber\/"]}]}},"_links":{"self":[{"href":"https:\/\/www.institutosaber.edu.ar\/bachillerato\/wp-json\/wp\/v2\/pages\/47","targetHints":{"allow":["GET"]}}],"collection":[{"href":"https:\/\/www.institutosaber.edu.ar\/bachillerato\/wp-json\/wp\/v2\/pages"}],"about":[{"href":"https:\/\/www.institutosaber.edu.ar\/bachillerato\/wp-json\/wp\/v2\/types\/page"}],"author":[{"embeddable":true,"href":"https:\/\/www.institutosaber.edu.ar\/bachillerato\/wp-json\/wp\/v2\/users\/2"}],"replies":[{"embeddable":true,"href":"https:\/\/www.institutosaber.edu.ar\/bachillerato\/wp-json\/wp\/v2\/comments?post=47"}],"version-history":[{"count":38,"href":"https:\/\/www.institutosaber.edu.ar\/bachillerato\/wp-json\/wp\/v2\/pages\/47\/revisions"}],"predecessor-version":[{"id":4182,"href":"https:\/\/www.institutosaber.edu.ar\/bachillerato\/wp-json\/wp\/v2\/pages\/47\/revisions\/4182"}],"wp:attachment":[{"href":"https:\/\/www.institutosaber.edu.ar\/bachillerato\/wp-json\/wp\/v2\/media?parent=47"}],"curies":[{"name":"wp","href":"https:\/\/api.w.org\/{rel}","templated":true}]}}